{"id":2563,"date":"2017-11-17T17:34:50","date_gmt":"2017-11-17T17:34:50","guid":{"rendered":"http:\/\/www.kozegho.com\/batch-dilution-systems-products-list\/"},"modified":"2020-04-27T16:26:53","modified_gmt":"2020-04-27T16:26:53","slug":"lista-de-produtos-sistemas-de-diluicao-batch","status":"publish","type":"page","link":"https:\/\/www.kozegho.com\/pt-pt\/lista-de-produtos-sistemas-de-diluicao-batch\/","title":{"rendered":"Sistemas de Dilui\u00e7\u00e3o por Batch"},"content":{"rendered":"<div class=\"wpb-content-wrapper\">[mk_page_section bg_image=&#8221;https:\/\/www.kozegho.com\/wp-content\/uploads\/2017\/12\/img_4860-cpia-1.jpg&#8221; blend_mode=&#8221;luminosity&#8221; bg_position=&#8221;center top&#8221; bg_repeat=&#8221;no-repeat&#8221; bg_stretch=&#8221;true&#8221; enable_3d=&#8221;true&#8221; speed_factor=&#8221;0.6&#8243; video_opacity=&#8221;1&#8243; min_height=&#8221;260&#8243; full_width=&#8221;true&#8221; padding_top=&#8221;90&#8243; padding_bottom=&#8221;90&#8243; animation=&#8221;bottom-to-top&#8221; sidebar=&#8221;sidebar-1&#8243;][vc_column][mk_fancy_title tag_name=&#8221;h1&#8243; color=&#8221;#ffffff&#8221; size=&#8221;60&#8243; force_font_size=&#8221;true&#8221; size_smallscreen=&#8221;60&#8243; size_tablet=&#8221;60&#8243; size_phone=&#8221;40&#8243; font_weight=&#8221;100&#8243; txt_transform=&#8221;uppercase&#8221; margin_bottom=&#8221;0&#8243; font_family=&#8221;none&#8221; align=&#8221;center&#8221;]Sistemas de Dilui\u00e7\u00e3o por Batch[\/mk_fancy_title][\/vc_column][\/mk_page_section][vc_row][vc_column][mk_padding_divider size=&#8221;80&#8243;][\/vc_column][\/vc_row][vc_row][vc_column width=&#8221;1\/4&#8243;][vc_wp_custommenu nav_menu=&#8221;11&#8243; el_class=&#8221;leftmenu&#8221;][\/vc_column][vc_column width=&#8221;3\/4&#8243;][vc_basic_grid post_type=&#8221;post&#8221; max_items=&#8221;-1&#8243; style=&#8221;lazy&#8221; element_width=&#8221;6&#8243; order=&#8221;ASC&#8221; item=&#8221;3418&#8243; initial_loading_animation=&#8221;none&#8221; grid_id=&#8221;vc_gid:1574770319775-5ed3b41f-da42-3&#8243; taxonomies=&#8221;52&#8243;][\/vc_column][\/vc_row][vc_row][vc_column][mk_padding_divider size=&#8221;80&#8243; visibility=&#8221;hidden-sm&#8221;][mk_padding_divider size=&#8221;30&#8243; visibility=&#8221;visible-sm&#8221;][\/vc_column][\/vc_row]\n<\/div>","protected":false},"excerpt":{"rendered":"<p>[mk_page_section bg_image=&#8221;https:\/\/www.kozegho.com\/wp-content\/uploads\/2017\/12\/img_4860-cpia-1.jpg&#8221; blend_mode=&#8221;luminosity&#8221; bg_position=&#8221;center top&#8221; bg_repeat=&#8221;no-repeat&#8221; bg_stretch=&#8221;true&#8221; enable_3d=&#8221;true&#8221; speed_factor=&#8221;0.6&#8243; video_opacity=&#8221;1&#8243; min_height=&#8221;260&#8243; full_width=&#8221;true&#8221; padding_top=&#8221;90&#8243; padding_bottom=&#8221;90&#8243; animation=&#8221;bottom-to-top&#8221; sidebar=&#8221;sidebar-1&#8243;][vc_column][mk_fancy_title tag_name=&#8221;h1&#8243; color=&#8221;#ffffff&#8221; size=&#8221;60&#8243; [&hellip;]<\/p>\n","protected":false},"author":23,"featured_media":0,"parent":0,"menu_order":0,"comment_status":"closed","ping_status":"closed","template":"","meta":{"_acf_changed":false,"rs_blank_template":"","rs_page_bg_color":"","slide_template_v7":"","footnotes":""},"class_list":["post-2563","page","type-page","status-publish","hentry"],"acf":[],"yoast_head":"<!-- This site is optimized with the Yoast SEO plugin v27.3 - https:\/\/yoast.com\/product\/yoast-seo-wordpress\/ -->\n<title>Sistemas de Dilui\u00e7\u00e3o por Batch | Kozegho<\/title>\n<meta name=\"description\" content=\"Sistemas de dilui\u00e7\u00e3o em \u00e1gua de produtos em p\u00f3 ou produtos l\u00edquidos. Sistemas completos ideais para processos de dilui\u00e7\u00e3o por batch\" \/>\n<meta name=\"robots\" content=\"index, follow, max-snippet:-1, max-image-preview:large, max-video-preview:-1\" \/>\n<link rel=\"canonical\" href=\"https:\/\/www.kozegho.com\/pt-pt\/lista-de-produtos-sistemas-de-diluicao-batch\/\" \/>\n<meta property=\"og:locale\" content=\"pt_PT\" \/>\n<meta property=\"og:type\" content=\"article\" \/>\n<meta property=\"og:title\" content=\"Sistemas de Dilui\u00e7\u00e3o por Batch | Kozegho\" \/>\n<meta property=\"og:description\" content=\"Sistemas de dilui\u00e7\u00e3o em \u00e1gua de produtos em p\u00f3 ou produtos l\u00edquidos. Sistemas completos ideais para processos de dilui\u00e7\u00e3o por batch\" \/>\n<meta property=\"og:url\" content=\"https:\/\/www.kozegho.com\/pt-pt\/lista-de-produtos-sistemas-de-diluicao-batch\/\" \/>\n<meta property=\"og:site_name\" content=\"Kozegho\" \/>\n<meta property=\"article:modified_time\" content=\"2020-04-27T16:26:53+00:00\" \/>\n<meta name=\"twitter:card\" content=\"summary_large_image\" \/>\n<meta name=\"twitter:label1\" content=\"Tempo estimado de leitura\" \/>\n\t<meta name=\"twitter:data1\" content=\"1 minuto\" \/>\n<script type=\"application\/ld+json\" class=\"yoast-schema-graph\">{\"@context\":\"https:\\\/\\\/schema.org\",\"@graph\":[{\"@type\":\"WebPage\",\"@id\":\"https:\\\/\\\/www.kozegho.com\\\/pt-pt\\\/lista-de-produtos-sistemas-de-diluicao-batch\\\/\",\"url\":\"https:\\\/\\\/www.kozegho.com\\\/pt-pt\\\/lista-de-produtos-sistemas-de-diluicao-batch\\\/\",\"name\":\"Sistemas de Dilui\u00e7\u00e3o por Batch | Kozegho\",\"isPartOf\":{\"@id\":\"https:\\\/\\\/www.kozegho.com\\\/#website\"},\"datePublished\":\"2017-11-17T17:34:50+00:00\",\"dateModified\":\"2020-04-27T16:26:53+00:00\",\"description\":\"Sistemas de dilui\u00e7\u00e3o em \u00e1gua de produtos em p\u00f3 ou produtos l\u00edquidos. Sistemas completos ideais para processos de dilui\u00e7\u00e3o por batch\",\"breadcrumb\":{\"@id\":\"https:\\\/\\\/www.kozegho.com\\\/pt-pt\\\/lista-de-produtos-sistemas-de-diluicao-batch\\\/#breadcrumb\"},\"inLanguage\":\"pt-PT\",\"potentialAction\":[{\"@type\":\"ReadAction\",\"target\":[\"https:\\\/\\\/www.kozegho.com\\\/pt-pt\\\/lista-de-produtos-sistemas-de-diluicao-batch\\\/\"]}]},{\"@type\":\"BreadcrumbList\",\"@id\":\"https:\\\/\\\/www.kozegho.com\\\/pt-pt\\\/lista-de-produtos-sistemas-de-diluicao-batch\\\/#breadcrumb\",\"itemListElement\":[{\"@type\":\"ListItem\",\"position\":1,\"name\":\"Home\",\"item\":\"https:\\\/\\\/www.kozegho.com\\\/pt-pt\\\/\"},{\"@type\":\"ListItem\",\"position\":2,\"name\":\"Sistemas de Dilui\u00e7\u00e3o por Batch\"}]},{\"@type\":\"WebSite\",\"@id\":\"https:\\\/\\\/www.kozegho.com\\\/#website\",\"url\":\"https:\\\/\\\/www.kozegho.com\\\/\",\"name\":\"Kozegho\",\"description\":\"Dosing Systems\",\"publisher\":{\"@id\":\"https:\\\/\\\/www.kozegho.com\\\/#organization\"},\"potentialAction\":[{\"@type\":\"SearchAction\",\"target\":{\"@type\":\"EntryPoint\",\"urlTemplate\":\"https:\\\/\\\/www.kozegho.com\\\/?s={search_term_string}\"},\"query-input\":{\"@type\":\"PropertyValueSpecification\",\"valueRequired\":true,\"valueName\":\"search_term_string\"}}],\"inLanguage\":\"pt-PT\"},{\"@type\":\"Organization\",\"@id\":\"https:\\\/\\\/www.kozegho.com\\\/#organization\",\"name\":\"Kozegho\",\"url\":\"https:\\\/\\\/www.kozegho.com\\\/\",\"logo\":{\"@type\":\"ImageObject\",\"inLanguage\":\"pt-PT\",\"@id\":\"https:\\\/\\\/www.kozegho.com\\\/#\\\/schema\\\/logo\\\/image\\\/\",\"url\":\"https:\\\/\\\/www.kozegho.com\\\/wp-content\\\/uploads\\\/2017\\\/07\\\/logo.png\",\"contentUrl\":\"https:\\\/\\\/www.kozegho.com\\\/wp-content\\\/uploads\\\/2017\\\/07\\\/logo.png\",\"width\":200,\"height\":67,\"caption\":\"Kozegho\"},\"image\":{\"@id\":\"https:\\\/\\\/www.kozegho.com\\\/#\\\/schema\\\/logo\\\/image\\\/\"}}]}<\/script>\n<!-- \/ Yoast SEO plugin. -->","yoast_head_json":{"title":"Sistemas de Dilui\u00e7\u00e3o por Batch | Kozegho","description":"Sistemas de dilui\u00e7\u00e3o em \u00e1gua de produtos em p\u00f3 ou produtos l\u00edquidos. Sistemas completos ideais para processos de dilui\u00e7\u00e3o por batch","robots":{"index":"index","follow":"follow","max-snippet":"max-snippet:-1","max-image-preview":"max-image-preview:large","max-video-preview":"max-video-preview:-1"},"canonical":"https:\/\/www.kozegho.com\/pt-pt\/lista-de-produtos-sistemas-de-diluicao-batch\/","og_locale":"pt_PT","og_type":"article","og_title":"Sistemas de Dilui\u00e7\u00e3o por Batch | Kozegho","og_description":"Sistemas de dilui\u00e7\u00e3o em \u00e1gua de produtos em p\u00f3 ou produtos l\u00edquidos. Sistemas completos ideais para processos de dilui\u00e7\u00e3o por batch","og_url":"https:\/\/www.kozegho.com\/pt-pt\/lista-de-produtos-sistemas-de-diluicao-batch\/","og_site_name":"Kozegho","article_modified_time":"2020-04-27T16:26:53+00:00","twitter_card":"summary_large_image","twitter_misc":{"Tempo estimado de leitura":"1 minuto"},"schema":{"@context":"https:\/\/schema.org","@graph":[{"@type":"WebPage","@id":"https:\/\/www.kozegho.com\/pt-pt\/lista-de-produtos-sistemas-de-diluicao-batch\/","url":"https:\/\/www.kozegho.com\/pt-pt\/lista-de-produtos-sistemas-de-diluicao-batch\/","name":"Sistemas de Dilui\u00e7\u00e3o por Batch | Kozegho","isPartOf":{"@id":"https:\/\/www.kozegho.com\/#website"},"datePublished":"2017-11-17T17:34:50+00:00","dateModified":"2020-04-27T16:26:53+00:00","description":"Sistemas de dilui\u00e7\u00e3o em \u00e1gua de produtos em p\u00f3 ou produtos l\u00edquidos. Sistemas completos ideais para processos de dilui\u00e7\u00e3o por batch","breadcrumb":{"@id":"https:\/\/www.kozegho.com\/pt-pt\/lista-de-produtos-sistemas-de-diluicao-batch\/#breadcrumb"},"inLanguage":"pt-PT","potentialAction":[{"@type":"ReadAction","target":["https:\/\/www.kozegho.com\/pt-pt\/lista-de-produtos-sistemas-de-diluicao-batch\/"]}]},{"@type":"BreadcrumbList","@id":"https:\/\/www.kozegho.com\/pt-pt\/lista-de-produtos-sistemas-de-diluicao-batch\/#breadcrumb","itemListElement":[{"@type":"ListItem","position":1,"name":"Home","item":"https:\/\/www.kozegho.com\/pt-pt\/"},{"@type":"ListItem","position":2,"name":"Sistemas de Dilui\u00e7\u00e3o por Batch"}]},{"@type":"WebSite","@id":"https:\/\/www.kozegho.com\/#website","url":"https:\/\/www.kozegho.com\/","name":"Kozegho","description":"Dosing Systems","publisher":{"@id":"https:\/\/www.kozegho.com\/#organization"},"potentialAction":[{"@type":"SearchAction","target":{"@type":"EntryPoint","urlTemplate":"https:\/\/www.kozegho.com\/?s={search_term_string}"},"query-input":{"@type":"PropertyValueSpecification","valueRequired":true,"valueName":"search_term_string"}}],"inLanguage":"pt-PT"},{"@type":"Organization","@id":"https:\/\/www.kozegho.com\/#organization","name":"Kozegho","url":"https:\/\/www.kozegho.com\/","logo":{"@type":"ImageObject","inLanguage":"pt-PT","@id":"https:\/\/www.kozegho.com\/#\/schema\/logo\/image\/","url":"https:\/\/www.kozegho.com\/wp-content\/uploads\/2017\/07\/logo.png","contentUrl":"https:\/\/www.kozegho.com\/wp-content\/uploads\/2017\/07\/logo.png","width":200,"height":67,"caption":"Kozegho"},"image":{"@id":"https:\/\/www.kozegho.com\/#\/schema\/logo\/image\/"}}]}},"_links":{"self":[{"href":"https:\/\/www.kozegho.com\/pt-pt\/wp-json\/wp\/v2\/pages\/2563","targetHints":{"allow":["GET"]}}],"collection":[{"href":"https:\/\/www.kozegho.com\/pt-pt\/wp-json\/wp\/v2\/pages"}],"about":[{"href":"https:\/\/www.kozegho.com\/pt-pt\/wp-json\/wp\/v2\/types\/page"}],"author":[{"embeddable":true,"href":"https:\/\/www.kozegho.com\/pt-pt\/wp-json\/wp\/v2\/users\/23"}],"replies":[{"embeddable":true,"href":"https:\/\/www.kozegho.com\/pt-pt\/wp-json\/wp\/v2\/comments?post=2563"}],"version-history":[{"count":0,"href":"https:\/\/www.kozegho.com\/pt-pt\/wp-json\/wp\/v2\/pages\/2563\/revisions"}],"wp:attachment":[{"href":"https:\/\/www.kozegho.com\/pt-pt\/wp-json\/wp\/v2\/media?parent=2563"}],"curies":[{"name":"wp","href":"https:\/\/api.w.org\/{rel}","templated":true}]}}