{"id":1798,"date":"2017-12-21T12:51:30","date_gmt":"2017-12-21T12:51:30","guid":{"rendered":"http:\/\/www.kozegho.com\/contacts\/"},"modified":"2023-08-25T11:47:22","modified_gmt":"2023-08-25T11:47:22","slug":"contactos","status":"publish","type":"page","link":"https:\/\/www.kozegho.com\/pt-pt\/contactos\/","title":{"rendered":"Contactos"},"content":{"rendered":"<div class=\"wpb-content-wrapper\">[mk_page_section bg_image=&#8221;https:\/\/www.kozegho.com\/wp-content\/uploads\/2017\/08\/mapa_kozegho.jpg&#8221; blend_mode=&#8221;luminosity&#8221; bg_position=&#8221;center top&#8221; bg_repeat=&#8221;no-repeat&#8221; bg_stretch=&#8221;true&#8221; enable_3d=&#8221;true&#8221; speed_factor=&#8221;0.6&#8243; video_opacity=&#8221;1&#8243; min_height=&#8221;260&#8243; full_width=&#8221;true&#8221; padding_top=&#8221;90&#8243; padding_bottom=&#8221;90&#8243; top_shape_color=&#8221;#ffffff&#8221; bottom_shape_color=&#8221;#ffffff&#8221; animation=&#8221;bottom-to-top&#8221; sidebar=&#8221;sidebar-1&#8243;][vc_column][mk_fancy_title tag_name=&#8221;h1&#8243; color=&#8221;#ffffff&#8221; size=&#8221;60&#8243; force_font_size=&#8221;true&#8221; size_smallscreen=&#8221;60&#8243; size_tablet=&#8221;60&#8243; size_phone=&#8221;40&#8243; font_weight=&#8221;100&#8243; txt_transform=&#8221;uppercase&#8221; margin_bottom=&#8221;0&#8243; font_family=&#8221;none&#8221; align=&#8221;center&#8221;]CONTACTOS[\/mk_fancy_title][\/vc_column][\/mk_page_section][vc_row][vc_column][mk_padding_divider size=&#8221;80&#8243;][\/vc_column][\/vc_row][vc_row][vc_column width=&#8221;1\/2&#8243;][mk_fancy_title color=&#8221;#666666&#8243; size=&#8221;25&#8243; font_weight=&#8221;bold&#8221; txt_transform=&#8221;uppercase&#8221; margin_bottom=&#8221;5&#8243; font_family=&#8221;none&#8221;]Informa\u00e7\u00f5es de Contactos[\/mk_fancy_title][mk_divider style=&#8221;thin_solid&#8221; divider_width=&#8221;custom_width&#8221; custom_width=&#8221;59&#8243; align=&#8221;left&#8221; thin_single_color=&#8221;#f6f163&#8243; thickness=&#8221;3&#8243; margin_top=&#8221;0&#8243;][mk_contact_info phone=&#8221;+351 210 520 717&#8243; address=&#8221;Largo Fernando Vicente, Armaz\u00e9m 3 2560-232 Pa\u00fal &#8211; Torres Vedras PORTUGAL&#8221;][mk_contact_info email=&#8221;kozegho@kozegho.com&#8221; person=&#8221;Informa\u00e7\u00f5es Gerais&#8221;][vc_cta h2=&#8221;&#8221; add_button=&#8221;bottom&#8221; btn_title=&#8221;Download&#8221; btn_color=&#8221;success&#8221; btn_el_class=&#8221;kozegho-button&#8221; btn_link=&#8221;url:http%3A%2F%2Fwww.kozegho.com%2Fwp-content%2Fuploads%2F2018%2F04%2Fkozegho_folheto-a4_2018.pdf||target:%20_blank|&#8221;]Download Apresenta\u00e7\u00e3o Kozegho[\/vc_cta][\/vc_column][vc_column width=&#8221;1\/2&#8243;][mk_fancy_title color=&#8221;#666666&#8243; size=&#8221;25&#8243; font_weight=&#8221;bold&#8221; txt_transform=&#8221;uppercase&#8221; margin_bottom=&#8221;5&#8243; font_family=&#8221;none&#8221;]Contacte-nos[\/mk_fancy_title][mk_divider style=&#8221;thin_solid&#8221; divider_width=&#8221;custom_width&#8221; custom_width=&#8221;59&#8243; align=&#8221;left&#8221; thin_single_color=&#8221;#f6f163&#8243; thickness=&#8221;3&#8243; margin_top=&#8221;0&#8243;][mk_contact_form style=&#8221;corporate&#8221; button_color=&#8221;#3fae2a&#8221; button_font_color=&#8221;#ffffff&#8221; captcha=&#8221;false&#8221;][\/vc_column][\/vc_row][vc_row fullwidth=&#8221;true&#8221;][vc_column][mk_advanced_gmaps latitude=&#8221;39.100617&#8243; longitude=&#8221;-9.286302&#8243; address=&#8221;Largo Fernando Vicente, Armaz\u00e9m 3 2560-232 Pa\u00fal &#8211; Torres Vedras PORTUGAL&#8221; content_bg_color=&#8221;#ffffff&#8221; content_font_color=&#8221;#777777&#8243; height=&#8221;400&#8243;][\/vc_column][\/vc_row]\n<\/div>","protected":false},"excerpt":{"rendered":"<p>[mk_page_section bg_image=&#8221;https:\/\/www.kozegho.com\/wp-content\/uploads\/2017\/08\/mapa_kozegho.jpg&#8221; blend_mode=&#8221;luminosity&#8221; bg_position=&#8221;center top&#8221; bg_repeat=&#8221;no-repeat&#8221; bg_stretch=&#8221;true&#8221; enable_3d=&#8221;true&#8221; speed_factor=&#8221;0.6&#8243; video_opacity=&#8221;1&#8243; min_height=&#8221;260&#8243; full_width=&#8221;true&#8221; padding_top=&#8221;90&#8243; padding_bottom=&#8221;90&#8243; top_shape_color=&#8221;#ffffff&#8221; bottom_shape_color=&#8221;#ffffff&#8221; animation=&#8221;bottom-to-top&#8221; sidebar=&#8221;sidebar-1&#8243;][vc_column][mk_fancy_title tag_name=&#8221;h1&#8243; [&hellip;]<\/p>\n","protected":false},"author":23,"featured_media":0,"parent":0,"menu_order":0,"comment_status":"closed","ping_status":"closed","template":"","meta":{"_acf_changed":false,"rs_blank_template":"","rs_page_bg_color":"","slide_template_v7":"","footnotes":""},"class_list":["post-1798","page","type-page","status-publish","hentry"],"acf":[],"yoast_head":"<!-- This site is optimized with the Yoast SEO plugin v27.3 - https:\/\/yoast.com\/product\/yoast-seo-wordpress\/ -->\n<title>P\u00e1gina de contactos | Kozegho<\/title>\n<meta name=\"description\" content=\"Saiba onde estamos e entre em contacto connosco. Por telefone ou email\" \/>\n<meta name=\"robots\" content=\"index, follow, max-snippet:-1, max-image-preview:large, max-video-preview:-1\" \/>\n<link rel=\"canonical\" href=\"https:\/\/www.kozegho.com\/pt-pt\/contactos\/\" \/>\n<meta property=\"og:locale\" content=\"pt_PT\" \/>\n<meta property=\"og:type\" content=\"article\" \/>\n<meta property=\"og:title\" content=\"P\u00e1gina de contactos | Kozegho\" \/>\n<meta property=\"og:description\" content=\"Saiba onde estamos e entre em contacto connosco. Por telefone ou email\" \/>\n<meta property=\"og:url\" content=\"https:\/\/www.kozegho.com\/pt-pt\/contactos\/\" \/>\n<meta property=\"og:site_name\" content=\"Kozegho\" \/>\n<meta property=\"article:modified_time\" content=\"2023-08-25T11:47:22+00:00\" \/>\n<meta name=\"twitter:card\" content=\"summary_large_image\" \/>\n<meta name=\"twitter:label1\" content=\"Tempo estimado de leitura\" \/>\n\t<meta name=\"twitter:data1\" content=\"1 minuto\" \/>\n<script type=\"application\/ld+json\" class=\"yoast-schema-graph\">{\"@context\":\"https:\\\/\\\/schema.org\",\"@graph\":[{\"@type\":\"WebPage\",\"@id\":\"https:\\\/\\\/www.kozegho.com\\\/pt-pt\\\/contactos\\\/\",\"url\":\"https:\\\/\\\/www.kozegho.com\\\/pt-pt\\\/contactos\\\/\",\"name\":\"P\u00e1gina de contactos | Kozegho\",\"isPartOf\":{\"@id\":\"https:\\\/\\\/www.kozegho.com\\\/#website\"},\"datePublished\":\"2017-12-21T12:51:30+00:00\",\"dateModified\":\"2023-08-25T11:47:22+00:00\",\"description\":\"Saiba onde estamos e entre em contacto connosco. Por telefone ou email\",\"breadcrumb\":{\"@id\":\"https:\\\/\\\/www.kozegho.com\\\/pt-pt\\\/contactos\\\/#breadcrumb\"},\"inLanguage\":\"pt-PT\",\"potentialAction\":[{\"@type\":\"ReadAction\",\"target\":[\"https:\\\/\\\/www.kozegho.com\\\/pt-pt\\\/contactos\\\/\"]}]},{\"@type\":\"BreadcrumbList\",\"@id\":\"https:\\\/\\\/www.kozegho.com\\\/pt-pt\\\/contactos\\\/#breadcrumb\",\"itemListElement\":[{\"@type\":\"ListItem\",\"position\":1,\"name\":\"Home\",\"item\":\"https:\\\/\\\/www.kozegho.com\\\/pt-pt\\\/\"},{\"@type\":\"ListItem\",\"position\":2,\"name\":\"Contactos\"}]},{\"@type\":\"WebSite\",\"@id\":\"https:\\\/\\\/www.kozegho.com\\\/#website\",\"url\":\"https:\\\/\\\/www.kozegho.com\\\/\",\"name\":\"Kozegho\",\"description\":\"Dosing Systems\",\"publisher\":{\"@id\":\"https:\\\/\\\/www.kozegho.com\\\/#organization\"},\"potentialAction\":[{\"@type\":\"SearchAction\",\"target\":{\"@type\":\"EntryPoint\",\"urlTemplate\":\"https:\\\/\\\/www.kozegho.com\\\/?s={search_term_string}\"},\"query-input\":{\"@type\":\"PropertyValueSpecification\",\"valueRequired\":true,\"valueName\":\"search_term_string\"}}],\"inLanguage\":\"pt-PT\"},{\"@type\":\"Organization\",\"@id\":\"https:\\\/\\\/www.kozegho.com\\\/#organization\",\"name\":\"Kozegho\",\"url\":\"https:\\\/\\\/www.kozegho.com\\\/\",\"logo\":{\"@type\":\"ImageObject\",\"inLanguage\":\"pt-PT\",\"@id\":\"https:\\\/\\\/www.kozegho.com\\\/#\\\/schema\\\/logo\\\/image\\\/\",\"url\":\"https:\\\/\\\/www.kozegho.com\\\/wp-content\\\/uploads\\\/2017\\\/07\\\/logo.png\",\"contentUrl\":\"https:\\\/\\\/www.kozegho.com\\\/wp-content\\\/uploads\\\/2017\\\/07\\\/logo.png\",\"width\":200,\"height\":67,\"caption\":\"Kozegho\"},\"image\":{\"@id\":\"https:\\\/\\\/www.kozegho.com\\\/#\\\/schema\\\/logo\\\/image\\\/\"}}]}<\/script>\n<!-- \/ Yoast SEO plugin. -->","yoast_head_json":{"title":"P\u00e1gina de contactos | Kozegho","description":"Saiba onde estamos e entre em contacto connosco. Por telefone ou email","robots":{"index":"index","follow":"follow","max-snippet":"max-snippet:-1","max-image-preview":"max-image-preview:large","max-video-preview":"max-video-preview:-1"},"canonical":"https:\/\/www.kozegho.com\/pt-pt\/contactos\/","og_locale":"pt_PT","og_type":"article","og_title":"P\u00e1gina de contactos | Kozegho","og_description":"Saiba onde estamos e entre em contacto connosco. Por telefone ou email","og_url":"https:\/\/www.kozegho.com\/pt-pt\/contactos\/","og_site_name":"Kozegho","article_modified_time":"2023-08-25T11:47:22+00:00","twitter_card":"summary_large_image","twitter_misc":{"Tempo estimado de leitura":"1 minuto"},"schema":{"@context":"https:\/\/schema.org","@graph":[{"@type":"WebPage","@id":"https:\/\/www.kozegho.com\/pt-pt\/contactos\/","url":"https:\/\/www.kozegho.com\/pt-pt\/contactos\/","name":"P\u00e1gina de contactos | Kozegho","isPartOf":{"@id":"https:\/\/www.kozegho.com\/#website"},"datePublished":"2017-12-21T12:51:30+00:00","dateModified":"2023-08-25T11:47:22+00:00","description":"Saiba onde estamos e entre em contacto connosco. Por telefone ou email","breadcrumb":{"@id":"https:\/\/www.kozegho.com\/pt-pt\/contactos\/#breadcrumb"},"inLanguage":"pt-PT","potentialAction":[{"@type":"ReadAction","target":["https:\/\/www.kozegho.com\/pt-pt\/contactos\/"]}]},{"@type":"BreadcrumbList","@id":"https:\/\/www.kozegho.com\/pt-pt\/contactos\/#breadcrumb","itemListElement":[{"@type":"ListItem","position":1,"name":"Home","item":"https:\/\/www.kozegho.com\/pt-pt\/"},{"@type":"ListItem","position":2,"name":"Contactos"}]},{"@type":"WebSite","@id":"https:\/\/www.kozegho.com\/#website","url":"https:\/\/www.kozegho.com\/","name":"Kozegho","description":"Dosing Systems","publisher":{"@id":"https:\/\/www.kozegho.com\/#organization"},"potentialAction":[{"@type":"SearchAction","target":{"@type":"EntryPoint","urlTemplate":"https:\/\/www.kozegho.com\/?s={search_term_string}"},"query-input":{"@type":"PropertyValueSpecification","valueRequired":true,"valueName":"search_term_string"}}],"inLanguage":"pt-PT"},{"@type":"Organization","@id":"https:\/\/www.kozegho.com\/#organization","name":"Kozegho","url":"https:\/\/www.kozegho.com\/","logo":{"@type":"ImageObject","inLanguage":"pt-PT","@id":"https:\/\/www.kozegho.com\/#\/schema\/logo\/image\/","url":"https:\/\/www.kozegho.com\/wp-content\/uploads\/2017\/07\/logo.png","contentUrl":"https:\/\/www.kozegho.com\/wp-content\/uploads\/2017\/07\/logo.png","width":200,"height":67,"caption":"Kozegho"},"image":{"@id":"https:\/\/www.kozegho.com\/#\/schema\/logo\/image\/"}}]}},"_links":{"self":[{"href":"https:\/\/www.kozegho.com\/pt-pt\/wp-json\/wp\/v2\/pages\/1798","targetHints":{"allow":["GET"]}}],"collection":[{"href":"https:\/\/www.kozegho.com\/pt-pt\/wp-json\/wp\/v2\/pages"}],"about":[{"href":"https:\/\/www.kozegho.com\/pt-pt\/wp-json\/wp\/v2\/types\/page"}],"author":[{"embeddable":true,"href":"https:\/\/www.kozegho.com\/pt-pt\/wp-json\/wp\/v2\/users\/23"}],"replies":[{"embeddable":true,"href":"https:\/\/www.kozegho.com\/pt-pt\/wp-json\/wp\/v2\/comments?post=1798"}],"version-history":[{"count":2,"href":"https:\/\/www.kozegho.com\/pt-pt\/wp-json\/wp\/v2\/pages\/1798\/revisions"}],"predecessor-version":[{"id":19878,"href":"https:\/\/www.kozegho.com\/pt-pt\/wp-json\/wp\/v2\/pages\/1798\/revisions\/19878"}],"wp:attachment":[{"href":"https:\/\/www.kozegho.com\/pt-pt\/wp-json\/wp\/v2\/media?parent=1798"}],"curies":[{"name":"wp","href":"https:\/\/api.w.org\/{rel}","templated":true}]}}