{"id":1775,"date":"2017-08-22T10:52:08","date_gmt":"2017-08-22T10:52:08","guid":{"rendered":"http:\/\/www.kozegho.com\/home-2\/"},"modified":"2020-04-23T14:44:02","modified_gmt":"2020-04-23T14:44:02","slug":"home-2","status":"publish","type":"page","link":"https:\/\/www.kozegho.com\/pt-pt\/","title":{"rendered":"P\u00e1gina principal"},"content":{"rendered":"<div class=\"wpb-content-wrapper\">[vc_row fullwidth=&#8221;true&#8221;][vc_column][rev_slider_vc alias=&#8221;home-page-01&#8243; el_class=&#8221;slider-si&#8221;][\/vc_column][\/vc_row][vc_row fullwidth=&#8221;true&#8221; fullwidth_content=&#8221;false&#8221; css=&#8221;.vc_custom_1449157075132{background-color: #fcfcfc !important;}&#8221;][vc_column][mk_padding_divider size=&#8221;80&#8243;][mk_fancy_title tag_name=&#8221;h1&#8243; size=&#8221;40&#8243; font_weight=&#8221;200&#8243; margin_bottom=&#8221;5&#8243; font_family=&#8221;none&#8221; align=&#8221;center&#8221;]KOZEGHO DOSING <strong>SYSTEMS<\/strong>[\/mk_fancy_title][vc_column_text]\n<p style=\"text-align: center;\">Na Kozegho cada pedido \u00e9 \u00fanico, envolvendo sempre os nossos parceiros\u00a0em todas as etapas dos nossos projectos<\/p>\n[\/vc_column_text][mk_divider style=&#8221;thin_solid&#8221; divider_width=&#8221;custom_width&#8221; custom_width=&#8221;86&#8243; thickness=&#8221;5&#8243; margin_top=&#8221;0&#8243;][vc_column_text disable_pattern=&#8221;false&#8221; align=&#8221;center&#8221; el_class=&#8221;h2-to-paragrapah&#8221;]\n<h2>\u2022 AGITATION \u2022 STORAGE TANKS \u2022 PREPARATION TANKS \u2022 POLYELECTROLYTE PREPARATION SYSTEMS<br \/>\n\u2022 DOSING SYSTEMS \u2022 PREPARATION SYSTEMS\u00a0\u2022 MEASURING AND CONTROL SYSTEMS<\/h2>\n[\/vc_column_text][mk_padding_divider size=&#8221;60&#8243; visibility=&#8221;hidden-sm&#8221;][mk_padding_divider size=&#8221;60&#8243; visibility=&#8221;hidden-sm&#8221;][\/vc_column][\/vc_row]\n<\/div>","protected":false},"excerpt":{"rendered":"<p>[vc_row fullwidth=&#8221;true&#8221;][vc_column][rev_slider_vc alias=&#8221;home-page-01&#8243; el_class=&#8221;slider-si&#8221;][\/vc_column][\/vc_row][vc_row fullwidth=&#8221;true&#8221; fullwidth_content=&#8221;false&#8221; css=&#8221;.vc_custom_1449157075132{background-color: #fcfcfc !important;}&#8221;][vc_column][mk_padding_divider size=&#8221;80&#8243;][mk_fancy_title tag_name=&#8221;h1&#8243; size=&#8221;40&#8243; font_weight=&#8221;200&#8243; margin_bottom=&#8221;5&#8243; font_family=&#8221;none&#8221; align=&#8221;center&#8221;]KOZEGHO DOSING SYSTEMS[\/mk_fancy_title][vc_column_text] Na [&hellip;]<\/p>\n","protected":false},"author":23,"featured_media":0,"parent":0,"menu_order":0,"comment_status":"closed","ping_status":"closed","template":"","meta":{"_acf_changed":false,"rs_blank_template":"","rs_page_bg_color":"","slide_template_v7":"","footnotes":""},"class_list":["post-1775","page","type-page","status-publish","hentry"],"acf":[],"yoast_head":"<!-- This site is optimized with the Yoast SEO plugin v27.6 - https:\/\/yoast.com\/product\/yoast-seo-wordpress\/ -->\n<title>Kozegho Sistemas de doseamento<\/title>\n<meta name=\"description\" content=\"Solu\u00e7\u00f5es completas para armazenamento, manipula\u00e7\u00e3o e dosagem de produtos qu\u00edmicos. De geradores de di\u00f3xido de cloro, a dep\u00f3sitos e agitadores entre outros produtos\" \/>\n<meta name=\"robots\" content=\"index, follow, max-snippet:-1, max-image-preview:large, max-video-preview:-1\" \/>\n<link rel=\"canonical\" href=\"https:\/\/www.kozegho.com\/pt-pt\/\" \/>\n<meta property=\"og:locale\" content=\"pt_PT\" \/>\n<meta property=\"og:type\" content=\"article\" \/>\n<meta property=\"og:title\" content=\"Kozegho Sistemas de doseamento\" \/>\n<meta property=\"og:description\" content=\"Solu\u00e7\u00f5es completas para armazenamento, manipula\u00e7\u00e3o e dosagem de produtos qu\u00edmicos. De geradores de di\u00f3xido de cloro, a dep\u00f3sitos e agitadores entre outros produtos\" \/>\n<meta property=\"og:url\" content=\"https:\/\/www.kozegho.com\/pt-pt\/\" \/>\n<meta property=\"og:site_name\" content=\"Kozegho\" \/>\n<meta property=\"article:modified_time\" content=\"2020-04-23T14:44:02+00:00\" \/>\n<meta name=\"twitter:card\" content=\"summary_large_image\" \/>\n<meta name=\"twitter:label1\" content=\"Tempo estimado de leitura\" \/>\n\t<meta name=\"twitter:data1\" content=\"1 minuto\" \/>\n<script type=\"application\/ld+json\" class=\"yoast-schema-graph\">{\"@context\":\"https:\\\/\\\/schema.org\",\"@graph\":[{\"@type\":\"WebPage\",\"@id\":\"https:\\\/\\\/www.kozegho.com\\\/pt-pt\\\/\",\"url\":\"https:\\\/\\\/www.kozegho.com\\\/pt-pt\\\/\",\"name\":\"Kozegho Sistemas de doseamento\",\"isPartOf\":{\"@id\":\"https:\\\/\\\/www.kozegho.com\\\/#website\"},\"datePublished\":\"2017-08-22T10:52:08+00:00\",\"dateModified\":\"2020-04-23T14:44:02+00:00\",\"description\":\"Solu\u00e7\u00f5es completas para armazenamento, manipula\u00e7\u00e3o e dosagem de produtos qu\u00edmicos. De geradores de di\u00f3xido de cloro, a dep\u00f3sitos e agitadores entre outros produtos\",\"breadcrumb\":{\"@id\":\"https:\\\/\\\/www.kozegho.com\\\/pt-pt\\\/#breadcrumb\"},\"inLanguage\":\"pt-PT\",\"potentialAction\":[{\"@type\":\"ReadAction\",\"target\":[\"https:\\\/\\\/www.kozegho.com\\\/pt-pt\\\/\"]}]},{\"@type\":\"BreadcrumbList\",\"@id\":\"https:\\\/\\\/www.kozegho.com\\\/pt-pt\\\/#breadcrumb\",\"itemListElement\":[{\"@type\":\"ListItem\",\"position\":1,\"name\":\"Home\",\"item\":\"https:\\\/\\\/www.kozegho.com\\\/pt-pt\\\/\"},{\"@type\":\"ListItem\",\"position\":2,\"name\":\"P\u00e1gina principal\"}]},{\"@type\":\"WebSite\",\"@id\":\"https:\\\/\\\/www.kozegho.com\\\/#website\",\"url\":\"https:\\\/\\\/www.kozegho.com\\\/\",\"name\":\"Kozegho\",\"description\":\"Dosing Systems\",\"publisher\":{\"@id\":\"https:\\\/\\\/www.kozegho.com\\\/#organization\"},\"potentialAction\":[{\"@type\":\"SearchAction\",\"target\":{\"@type\":\"EntryPoint\",\"urlTemplate\":\"https:\\\/\\\/www.kozegho.com\\\/?s={search_term_string}\"},\"query-input\":{\"@type\":\"PropertyValueSpecification\",\"valueRequired\":true,\"valueName\":\"search_term_string\"}}],\"inLanguage\":\"pt-PT\"},{\"@type\":\"Organization\",\"@id\":\"https:\\\/\\\/www.kozegho.com\\\/#organization\",\"name\":\"Kozegho\",\"url\":\"https:\\\/\\\/www.kozegho.com\\\/\",\"logo\":{\"@type\":\"ImageObject\",\"inLanguage\":\"pt-PT\",\"@id\":\"https:\\\/\\\/www.kozegho.com\\\/#\\\/schema\\\/logo\\\/image\\\/\",\"url\":\"https:\\\/\\\/www.kozegho.com\\\/wp-content\\\/uploads\\\/2017\\\/07\\\/logo.png\",\"contentUrl\":\"https:\\\/\\\/www.kozegho.com\\\/wp-content\\\/uploads\\\/2017\\\/07\\\/logo.png\",\"width\":200,\"height\":67,\"caption\":\"Kozegho\"},\"image\":{\"@id\":\"https:\\\/\\\/www.kozegho.com\\\/#\\\/schema\\\/logo\\\/image\\\/\"}}]}<\/script>\n<!-- \/ Yoast SEO plugin. -->","yoast_head_json":{"title":"Kozegho Sistemas de doseamento","description":"Solu\u00e7\u00f5es completas para armazenamento, manipula\u00e7\u00e3o e dosagem de produtos qu\u00edmicos. De geradores de di\u00f3xido de cloro, a dep\u00f3sitos e agitadores entre outros produtos","robots":{"index":"index","follow":"follow","max-snippet":"max-snippet:-1","max-image-preview":"max-image-preview:large","max-video-preview":"max-video-preview:-1"},"canonical":"https:\/\/www.kozegho.com\/pt-pt\/","og_locale":"pt_PT","og_type":"article","og_title":"Kozegho Sistemas de doseamento","og_description":"Solu\u00e7\u00f5es completas para armazenamento, manipula\u00e7\u00e3o e dosagem de produtos qu\u00edmicos. De geradores de di\u00f3xido de cloro, a dep\u00f3sitos e agitadores entre outros produtos","og_url":"https:\/\/www.kozegho.com\/pt-pt\/","og_site_name":"Kozegho","article_modified_time":"2020-04-23T14:44:02+00:00","twitter_card":"summary_large_image","twitter_misc":{"Tempo estimado de leitura":"1 minuto"},"schema":{"@context":"https:\/\/schema.org","@graph":[{"@type":"WebPage","@id":"https:\/\/www.kozegho.com\/pt-pt\/","url":"https:\/\/www.kozegho.com\/pt-pt\/","name":"Kozegho Sistemas de doseamento","isPartOf":{"@id":"https:\/\/www.kozegho.com\/#website"},"datePublished":"2017-08-22T10:52:08+00:00","dateModified":"2020-04-23T14:44:02+00:00","description":"Solu\u00e7\u00f5es completas para armazenamento, manipula\u00e7\u00e3o e dosagem de produtos qu\u00edmicos. De geradores de di\u00f3xido de cloro, a dep\u00f3sitos e agitadores entre outros produtos","breadcrumb":{"@id":"https:\/\/www.kozegho.com\/pt-pt\/#breadcrumb"},"inLanguage":"pt-PT","potentialAction":[{"@type":"ReadAction","target":["https:\/\/www.kozegho.com\/pt-pt\/"]}]},{"@type":"BreadcrumbList","@id":"https:\/\/www.kozegho.com\/pt-pt\/#breadcrumb","itemListElement":[{"@type":"ListItem","position":1,"name":"Home","item":"https:\/\/www.kozegho.com\/pt-pt\/"},{"@type":"ListItem","position":2,"name":"P\u00e1gina principal"}]},{"@type":"WebSite","@id":"https:\/\/www.kozegho.com\/#website","url":"https:\/\/www.kozegho.com\/","name":"Kozegho","description":"Dosing Systems","publisher":{"@id":"https:\/\/www.kozegho.com\/#organization"},"potentialAction":[{"@type":"SearchAction","target":{"@type":"EntryPoint","urlTemplate":"https:\/\/www.kozegho.com\/?s={search_term_string}"},"query-input":{"@type":"PropertyValueSpecification","valueRequired":true,"valueName":"search_term_string"}}],"inLanguage":"pt-PT"},{"@type":"Organization","@id":"https:\/\/www.kozegho.com\/#organization","name":"Kozegho","url":"https:\/\/www.kozegho.com\/","logo":{"@type":"ImageObject","inLanguage":"pt-PT","@id":"https:\/\/www.kozegho.com\/#\/schema\/logo\/image\/","url":"https:\/\/www.kozegho.com\/wp-content\/uploads\/2017\/07\/logo.png","contentUrl":"https:\/\/www.kozegho.com\/wp-content\/uploads\/2017\/07\/logo.png","width":200,"height":67,"caption":"Kozegho"},"image":{"@id":"https:\/\/www.kozegho.com\/#\/schema\/logo\/image\/"}}]}},"_links":{"self":[{"href":"https:\/\/www.kozegho.com\/pt-pt\/wp-json\/wp\/v2\/pages\/1775","targetHints":{"allow":["GET"]}}],"collection":[{"href":"https:\/\/www.kozegho.com\/pt-pt\/wp-json\/wp\/v2\/pages"}],"about":[{"href":"https:\/\/www.kozegho.com\/pt-pt\/wp-json\/wp\/v2\/types\/page"}],"author":[{"embeddable":true,"href":"https:\/\/www.kozegho.com\/pt-pt\/wp-json\/wp\/v2\/users\/23"}],"replies":[{"embeddable":true,"href":"https:\/\/www.kozegho.com\/pt-pt\/wp-json\/wp\/v2\/comments?post=1775"}],"version-history":[{"count":0,"href":"https:\/\/www.kozegho.com\/pt-pt\/wp-json\/wp\/v2\/pages\/1775\/revisions"}],"wp:attachment":[{"href":"https:\/\/www.kozegho.com\/pt-pt\/wp-json\/wp\/v2\/media?parent=1775"}],"curies":[{"name":"wp","href":"https:\/\/api.w.org\/{rel}","templated":true}]}}