{"id":1416,"date":"2017-08-22T11:38:05","date_gmt":"2017-08-22T11:38:05","guid":{"rendered":"http:\/\/www.kozegho.com\/about-us\/"},"modified":"2020-04-27T16:23:32","modified_gmt":"2020-04-27T16:23:32","slug":"sobre-nos","status":"publish","type":"page","link":"https:\/\/www.kozegho.com\/pt-pt\/sobre-nos\/","title":{"rendered":"Sobre n\u00f3s"},"content":{"rendered":"<div class=\"wpb-content-wrapper\">[mk_page_section bg_image=&#8221;https:\/\/www.kozegho.com\/wp-content\/uploads\/2017\/08\/skid-kazanskaya_russia-company-gamma.jpg&#8221; blend_mode=&#8221;luminosity&#8221; bg_position=&#8221;center top&#8221; bg_repeat=&#8221;no-repeat&#8221; bg_stretch=&#8221;true&#8221; enable_3d=&#8221;true&#8221; speed_factor=&#8221;0.6&#8243; video_opacity=&#8221;1&#8243; min_height=&#8221;260&#8243; full_width=&#8221;true&#8221; padding_top=&#8221;90&#8243; padding_bottom=&#8221;90&#8243; top_shape_color=&#8221;#ffffff&#8221; bottom_shape_color=&#8221;#ffffff&#8221; animation=&#8221;bottom-to-top&#8221; sidebar=&#8221;sidebar-1&#8243;][vc_column][mk_padding_divider size=&#8221;60&#8243;][mk_fancy_title tag_name=&#8221;h1&#8243; color=&#8221;#ffffff&#8221; size=&#8221;60&#8243; force_font_size=&#8221;true&#8221; size_smallscreen=&#8221;60&#8243; size_tablet=&#8221;60&#8243; size_phone=&#8221;40&#8243; font_weight=&#8221;100&#8243; txt_transform=&#8221;uppercase&#8221; margin_bottom=&#8221;0&#8243; font_family=&#8221;none&#8221; align=&#8221;center&#8221;]\n<p style=\"text-align: center;\">SOBRE N\u00d3S<\/p>\n[\/mk_fancy_title][mk_padding_divider size=&#8221;60&#8243;][\/vc_column][\/mk_page_section][vc_row][vc_column width=&#8221;1\/6&#8243;][\/vc_column][vc_column width=&#8221;2\/3&#8243;][mk_padding_divider][vc_video title=&#8221;Kozegho&#8221; host=&#8221;self_hosted&#8221; mp4=&#8221;https:\/\/www.kozegho.com\/wp-content\/uploads\/2019\/11\/kozegho-final-export-1.mp4&#8243; poster_image=&#8221;https:\/\/www.kozegho.com\/wp-content\/uploads\/2017\/08\/capa.jpg&#8221; autoplay=&#8221;true&#8221;][mk_padding_divider size=&#8221;60&#8243;][\/vc_column][vc_column width=&#8221;1\/6&#8243;][\/vc_column][\/vc_row][vc_row][vc_column][mk_padding_divider][mk_fancy_title color=&#8221;#666666&#8243; size=&#8221;40&#8243; font_weight=&#8221;200&#8243; txt_transform=&#8221;uppercase&#8221; font_family=&#8221;none&#8221; align=&#8221;center&#8221;]Quem <strong>somos<\/strong>[\/mk_fancy_title][mk_divider style=&#8221;thin_solid&#8221; divider_width=&#8221;custom_width&#8221; custom_width=&#8221;86&#8243; thickness=&#8221;5&#8243; margin_top=&#8221;0&#8243;][vc_column_text]A KOZEGHO disp\u00f5e de uma equipa bastante din\u00e2mica e dedicada e em simult\u00e2neo com 20 anos de experi\u00eancia na \u00e1rea, incorpora todas as val\u00eancias necess\u00e1rias nos seus quadros internos de pessoal eliminando erros de <em>outsourcing<\/em> e permitindo adaptar as solu\u00e7\u00f5es standard, previamente estudadas e testadas, \u00e0s necessidades espec\u00edficas de cada desafio.<\/p>\n<p>Instalada em nave industrial adaptada ao processo de fabrico, a KOZEGHO est\u00e1 equipada com tecnologias de ponta como <em>workstations<\/em> de desenho a tr\u00eas dimens\u00f5es em <em>solidworks<\/em> e\/ou <em>autocad<\/em>, fresas de corte por controlo num\u00e9rico computorizado, m\u00e1quinas de soldar autom\u00e1ticas e manuais de \u00faltima gera\u00e7\u00e3o, equipamentos de movimenta\u00e7\u00e3o e transporte de cargas, constru\u00e7\u00e3o teste e diagn\u00f3stico de quadros el\u00e9tricos, programa\u00e7\u00e3o e ensaio dos c\u00f3digos PLC em situa\u00e7\u00e3o real, esta\u00e7\u00e3o de teste adaptada a todos os equipamentos produzidos minimizando desta forma poss\u00edveis erros de concep\u00e7\u00e3o e constru\u00e7\u00e3o \u00e0 porta de f\u00e1brica.<\/p>\n<p>Assumindo um perfil de construtor de solu\u00e7\u00f5es completas para armazenamento, manipula\u00e7\u00e3o e dosagem de produtos qu\u00edmicos a KOZEGHO conta com parceiros locais que fazem a liga\u00e7\u00e3o entre os utilizadores e a f\u00e1brica.<br \/>\nCom um conceito comercial al\u00e9m do mero fornecedor de equipamentos pretendemos gerar rela\u00e7\u00f5es de confian\u00e7a e continuidade com todos os nossos parceiros, partilhando<em> know-how<\/em>, responsabilidade e experi\u00eancias m\u00fatuas de forma a encontrar a rela\u00e7\u00e3o \u00f3tima custo\/benef\u00edcio para cada projeto.<\/p>\n[\/vc_column_text][mk_padding_divider size=&#8221;60&#8243;][\/vc_column][\/vc_row][mk_page_section layout_structure=&#8221;half_left&#8221; bg_image=&#8221;https:\/\/www.kozegho.com\/wp-content\/uploads\/2017\/08\/dsc_0101-4.jpg&#8221; bg_color=&#8221;#73c167&#8243; padding_top=&#8221;60&#8243; padding_bottom=&#8221;60&#8243; top_shape_color=&#8221;#ffffff&#8221; bottom_shape_color=&#8221;#ffffff&#8221; el_class=&#8221;si-ko-about si-ko-first&#8221;][vc_column][mk_fancy_title color=&#8221;#ffffff&#8221; size=&#8221;25&#8243; font_weight=&#8221;bold&#8221; txt_transform=&#8221;uppercase&#8221; margin_bottom=&#8221;5&#8243; font_family=&#8221;none&#8221;]A KOZEGHO disp\u00f5e de uma equipa bastante din\u00e2mica e dedicada com 20 anos de experi\u00eancia na \u00e1rea[\/mk_fancy_title][vc_column_text]<span style=\"color: #ffffff;\">Cada projecto passa por uma an\u00e1lise cuidada pela nossa equipa comercial de forma a apresentar a melhor proposta financeira atendendo aos fins a que se destina, maximizando assim a seguran\u00e7a, funcionalidade e ergonomia das solu\u00e7\u00f5es apresentadas sempre do ponto de vista do utilizador final.<\/span>[\/vc_column_text][\/vc_column][\/mk_page_section][mk_page_section layout_structure=&#8221;half_right&#8221; bg_image=&#8221;https:\/\/www.kozegho.com\/wp-content\/uploads\/2017\/08\/imagem-2.jpg&#8221; bg_color=&#8221;#ffffff&#8221; padding_top=&#8221;60&#8243; padding_bottom=&#8221;60&#8243; top_shape_color=&#8221;#ffffff&#8221; bottom_shape_color=&#8221;#ffffff&#8221; el_class=&#8221;si-ko-about&#8221;][vc_column][vc_column_text]\n<p>Como cada pedido \u00e9 \u00fanico, envolvemos os nossos parceiros em todas as etapas do processo produtivo, dispondo para isso de meios que permitem apresentar telas finais a 3D, esquema el\u00e9trico individual de cada equipamento a construir, desenho de corte de pe\u00e7as nas fresas CNC, programa\u00e7\u00e3o de PLC e executar documenta\u00e7\u00e3o t\u00e9cnica consoante as exig\u00eancias do utilizador final.<\/p>\n<p>&nbsp;<\/p>\n[\/vc_column_text][\/vc_column][\/mk_page_section][vc_row disable_element=&#8221;yes&#8221; el_class=&#8221;rows-mobile&#8221;][vc_column][\/vc_column][\/vc_row][mk_page_section layout_structure=&#8221;half_left&#8221; bg_image=&#8221;https:\/\/www.kozegho.com\/wp-content\/uploads\/2017\/08\/imagem-3r_2.jpg&#8221; bg_color=&#8221;#73c167&#8243; min_height=&#8221;410&#8243; padding_top=&#8221;60&#8243; padding_bottom=&#8221;60&#8243; top_shape_color=&#8221;#ffffff&#8221; bottom_shape_color=&#8221;#ffffff&#8221; el_class=&#8221;si-ko-about&#8221;][vc_column][vc_column_text]<span style=\"color: #ffffff;\">Dispomos de um amplo stock de mat\u00e9rias primas e componentes de forma a minimizar os tempos de entrega e evitando tempos de espera em casos de falhas ao abrigo de garantias e pe\u00e7as de reposi\u00e7\u00e3o.<\/span><\/p>\n<p>&nbsp;<\/p>\n[\/vc_column_text][\/vc_column][\/mk_page_section][vc_row disable_element=&#8221;yes&#8221; el_class=&#8221;rows-mobile&#8221;][vc_column][\/vc_column][\/vc_row][mk_page_section layout_structure=&#8221;half_right&#8221; bg_image=&#8221;https:\/\/www.kozegho.com\/wp-content\/uploads\/2017\/08\/imagem-4.jpg&#8221; bg_color=&#8221;#ffffff&#8221; padding_top=&#8221;60&#8243; padding_bottom=&#8221;60&#8243; top_shape_color=&#8221;#ffffff&#8221; bottom_shape_color=&#8221;#ffffff&#8221; el_class=&#8221;si-ko-about&#8221;][vc_column][vc_column_text]\n<p>&nbsp;<\/p>\n<p>O processo produtivo, inicia-se com a apresenta\u00e7\u00e3o de telas finais a 3D, que ap\u00f3s aprova\u00e7\u00e3o d\u00e3o origem individualmente a, esquema el\u00e9trico, desenho de corte de pe\u00e7as em fresa CNC, programa\u00e7\u00e3o de PLC e documenta\u00e7\u00e3o t\u00e9cnica consoante as exig\u00eancias do utilizador final.<\/p>\n<p>&nbsp;<\/p>\n<p>&nbsp;<\/p>\n[\/vc_column_text][\/vc_column][\/mk_page_section][vc_row disable_element=&#8221;yes&#8221;][vc_column][\/vc_column][\/vc_row]\n<\/div>","protected":false},"excerpt":{"rendered":"<p>[mk_page_section bg_image=&#8221;https:\/\/www.kozegho.com\/wp-content\/uploads\/2017\/08\/skid-kazanskaya_russia-company-gamma.jpg&#8221; blend_mode=&#8221;luminosity&#8221; bg_position=&#8221;center top&#8221; bg_repeat=&#8221;no-repeat&#8221; bg_stretch=&#8221;true&#8221; enable_3d=&#8221;true&#8221; speed_factor=&#8221;0.6&#8243; video_opacity=&#8221;1&#8243; min_height=&#8221;260&#8243; full_width=&#8221;true&#8221; padding_top=&#8221;90&#8243; padding_bottom=&#8221;90&#8243; top_shape_color=&#8221;#ffffff&#8221; bottom_shape_color=&#8221;#ffffff&#8221; animation=&#8221;bottom-to-top&#8221; sidebar=&#8221;sidebar-1&#8243;][vc_column][mk_padding_divider size=&#8221;60&#8243;][mk_fancy_title [&hellip;]<\/p>\n","protected":false},"author":23,"featured_media":0,"parent":0,"menu_order":0,"comment_status":"closed","ping_status":"closed","template":"","meta":{"_acf_changed":false,"rs_blank_template":"","rs_page_bg_color":"","slide_template_v7":"","footnotes":""},"class_list":["post-1416","page","type-page","status-publish","hentry"],"acf":[],"yoast_head":"<!-- This site is optimized with the Yoast SEO plugin v27.5 - https:\/\/yoast.com\/product\/yoast-seo-wordpress\/ -->\n<title>Sobre n\u00f3s | Kozegho<\/title>\n<meta name=\"description\" content=\"Saiba mais sobre n\u00f3s. A Kozegho disp\u00f5e de uma equipa bastante din\u00e2mica e dedicada e em simult\u00e2neo com 20 anos de experi\u00eancia na \u00e1rea.\" \/>\n<meta name=\"robots\" content=\"index, follow, max-snippet:-1, max-image-preview:large, max-video-preview:-1\" \/>\n<link rel=\"canonical\" href=\"https:\/\/www.kozegho.com\/pt-pt\/sobre-nos\/\" \/>\n<meta property=\"og:locale\" content=\"pt_PT\" \/>\n<meta property=\"og:type\" content=\"article\" \/>\n<meta property=\"og:title\" content=\"Sobre n\u00f3s | Kozegho\" \/>\n<meta property=\"og:description\" content=\"Saiba mais sobre n\u00f3s. A Kozegho disp\u00f5e de uma equipa bastante din\u00e2mica e dedicada e em simult\u00e2neo com 20 anos de experi\u00eancia na \u00e1rea.\" \/>\n<meta property=\"og:url\" content=\"https:\/\/www.kozegho.com\/pt-pt\/sobre-nos\/\" \/>\n<meta property=\"og:site_name\" content=\"Kozegho\" \/>\n<meta property=\"article:modified_time\" content=\"2020-04-27T16:23:32+00:00\" \/>\n<meta name=\"twitter:card\" content=\"summary_large_image\" \/>\n<meta name=\"twitter:label1\" content=\"Tempo estimado de leitura\" \/>\n\t<meta name=\"twitter:data1\" content=\"5 minutos\" \/>\n<script type=\"application\/ld+json\" class=\"yoast-schema-graph\">{\"@context\":\"https:\\\/\\\/schema.org\",\"@graph\":[{\"@type\":\"WebPage\",\"@id\":\"https:\\\/\\\/www.kozegho.com\\\/pt-pt\\\/sobre-nos\\\/\",\"url\":\"https:\\\/\\\/www.kozegho.com\\\/pt-pt\\\/sobre-nos\\\/\",\"name\":\"Sobre n\u00f3s | Kozegho\",\"isPartOf\":{\"@id\":\"https:\\\/\\\/www.kozegho.com\\\/#website\"},\"datePublished\":\"2017-08-22T11:38:05+00:00\",\"dateModified\":\"2020-04-27T16:23:32+00:00\",\"description\":\"Saiba mais sobre n\u00f3s. A Kozegho disp\u00f5e de uma equipa bastante din\u00e2mica e dedicada e em simult\u00e2neo com 20 anos de experi\u00eancia na \u00e1rea.\",\"breadcrumb\":{\"@id\":\"https:\\\/\\\/www.kozegho.com\\\/pt-pt\\\/sobre-nos\\\/#breadcrumb\"},\"inLanguage\":\"pt-PT\",\"potentialAction\":[{\"@type\":\"ReadAction\",\"target\":[\"https:\\\/\\\/www.kozegho.com\\\/pt-pt\\\/sobre-nos\\\/\"]}]},{\"@type\":\"BreadcrumbList\",\"@id\":\"https:\\\/\\\/www.kozegho.com\\\/pt-pt\\\/sobre-nos\\\/#breadcrumb\",\"itemListElement\":[{\"@type\":\"ListItem\",\"position\":1,\"name\":\"Home\",\"item\":\"https:\\\/\\\/www.kozegho.com\\\/pt-pt\\\/\"},{\"@type\":\"ListItem\",\"position\":2,\"name\":\"Sobre n\u00f3s\"}]},{\"@type\":\"WebSite\",\"@id\":\"https:\\\/\\\/www.kozegho.com\\\/#website\",\"url\":\"https:\\\/\\\/www.kozegho.com\\\/\",\"name\":\"Kozegho\",\"description\":\"Dosing Systems\",\"publisher\":{\"@id\":\"https:\\\/\\\/www.kozegho.com\\\/#organization\"},\"potentialAction\":[{\"@type\":\"SearchAction\",\"target\":{\"@type\":\"EntryPoint\",\"urlTemplate\":\"https:\\\/\\\/www.kozegho.com\\\/?s={search_term_string}\"},\"query-input\":{\"@type\":\"PropertyValueSpecification\",\"valueRequired\":true,\"valueName\":\"search_term_string\"}}],\"inLanguage\":\"pt-PT\"},{\"@type\":\"Organization\",\"@id\":\"https:\\\/\\\/www.kozegho.com\\\/#organization\",\"name\":\"Kozegho\",\"url\":\"https:\\\/\\\/www.kozegho.com\\\/\",\"logo\":{\"@type\":\"ImageObject\",\"inLanguage\":\"pt-PT\",\"@id\":\"https:\\\/\\\/www.kozegho.com\\\/#\\\/schema\\\/logo\\\/image\\\/\",\"url\":\"https:\\\/\\\/www.kozegho.com\\\/wp-content\\\/uploads\\\/2017\\\/07\\\/logo.png\",\"contentUrl\":\"https:\\\/\\\/www.kozegho.com\\\/wp-content\\\/uploads\\\/2017\\\/07\\\/logo.png\",\"width\":200,\"height\":67,\"caption\":\"Kozegho\"},\"image\":{\"@id\":\"https:\\\/\\\/www.kozegho.com\\\/#\\\/schema\\\/logo\\\/image\\\/\"}}]}<\/script>\n<!-- \/ Yoast SEO plugin. -->","yoast_head_json":{"title":"Sobre n\u00f3s | Kozegho","description":"Saiba mais sobre n\u00f3s. A Kozegho disp\u00f5e de uma equipa bastante din\u00e2mica e dedicada e em simult\u00e2neo com 20 anos de experi\u00eancia na \u00e1rea.","robots":{"index":"index","follow":"follow","max-snippet":"max-snippet:-1","max-image-preview":"max-image-preview:large","max-video-preview":"max-video-preview:-1"},"canonical":"https:\/\/www.kozegho.com\/pt-pt\/sobre-nos\/","og_locale":"pt_PT","og_type":"article","og_title":"Sobre n\u00f3s | Kozegho","og_description":"Saiba mais sobre n\u00f3s. A Kozegho disp\u00f5e de uma equipa bastante din\u00e2mica e dedicada e em simult\u00e2neo com 20 anos de experi\u00eancia na \u00e1rea.","og_url":"https:\/\/www.kozegho.com\/pt-pt\/sobre-nos\/","og_site_name":"Kozegho","article_modified_time":"2020-04-27T16:23:32+00:00","twitter_card":"summary_large_image","twitter_misc":{"Tempo estimado de leitura":"5 minutos"},"schema":{"@context":"https:\/\/schema.org","@graph":[{"@type":"WebPage","@id":"https:\/\/www.kozegho.com\/pt-pt\/sobre-nos\/","url":"https:\/\/www.kozegho.com\/pt-pt\/sobre-nos\/","name":"Sobre n\u00f3s | Kozegho","isPartOf":{"@id":"https:\/\/www.kozegho.com\/#website"},"datePublished":"2017-08-22T11:38:05+00:00","dateModified":"2020-04-27T16:23:32+00:00","description":"Saiba mais sobre n\u00f3s. A Kozegho disp\u00f5e de uma equipa bastante din\u00e2mica e dedicada e em simult\u00e2neo com 20 anos de experi\u00eancia na \u00e1rea.","breadcrumb":{"@id":"https:\/\/www.kozegho.com\/pt-pt\/sobre-nos\/#breadcrumb"},"inLanguage":"pt-PT","potentialAction":[{"@type":"ReadAction","target":["https:\/\/www.kozegho.com\/pt-pt\/sobre-nos\/"]}]},{"@type":"BreadcrumbList","@id":"https:\/\/www.kozegho.com\/pt-pt\/sobre-nos\/#breadcrumb","itemListElement":[{"@type":"ListItem","position":1,"name":"Home","item":"https:\/\/www.kozegho.com\/pt-pt\/"},{"@type":"ListItem","position":2,"name":"Sobre n\u00f3s"}]},{"@type":"WebSite","@id":"https:\/\/www.kozegho.com\/#website","url":"https:\/\/www.kozegho.com\/","name":"Kozegho","description":"Dosing Systems","publisher":{"@id":"https:\/\/www.kozegho.com\/#organization"},"potentialAction":[{"@type":"SearchAction","target":{"@type":"EntryPoint","urlTemplate":"https:\/\/www.kozegho.com\/?s={search_term_string}"},"query-input":{"@type":"PropertyValueSpecification","valueRequired":true,"valueName":"search_term_string"}}],"inLanguage":"pt-PT"},{"@type":"Organization","@id":"https:\/\/www.kozegho.com\/#organization","name":"Kozegho","url":"https:\/\/www.kozegho.com\/","logo":{"@type":"ImageObject","inLanguage":"pt-PT","@id":"https:\/\/www.kozegho.com\/#\/schema\/logo\/image\/","url":"https:\/\/www.kozegho.com\/wp-content\/uploads\/2017\/07\/logo.png","contentUrl":"https:\/\/www.kozegho.com\/wp-content\/uploads\/2017\/07\/logo.png","width":200,"height":67,"caption":"Kozegho"},"image":{"@id":"https:\/\/www.kozegho.com\/#\/schema\/logo\/image\/"}}]}},"_links":{"self":[{"href":"https:\/\/www.kozegho.com\/pt-pt\/wp-json\/wp\/v2\/pages\/1416","targetHints":{"allow":["GET"]}}],"collection":[{"href":"https:\/\/www.kozegho.com\/pt-pt\/wp-json\/wp\/v2\/pages"}],"about":[{"href":"https:\/\/www.kozegho.com\/pt-pt\/wp-json\/wp\/v2\/types\/page"}],"author":[{"embeddable":true,"href":"https:\/\/www.kozegho.com\/pt-pt\/wp-json\/wp\/v2\/users\/23"}],"replies":[{"embeddable":true,"href":"https:\/\/www.kozegho.com\/pt-pt\/wp-json\/wp\/v2\/comments?post=1416"}],"version-history":[{"count":0,"href":"https:\/\/www.kozegho.com\/pt-pt\/wp-json\/wp\/v2\/pages\/1416\/revisions"}],"wp:attachment":[{"href":"https:\/\/www.kozegho.com\/pt-pt\/wp-json\/wp\/v2\/media?parent=1416"}],"curies":[{"name":"wp","href":"https:\/\/api.w.org\/{rel}","templated":true}]}}