{"id":4621,"date":"2018-02-15T12:15:01","date_gmt":"2018-02-15T12:15:01","guid":{"rendered":"http:\/\/www.kozegho.com\/user-profile\/"},"modified":"2018-02-15T12:24:52","modified_gmt":"2018-02-15T12:24:52","slug":"user-profile","status":"publish","type":"page","link":"https:\/\/www.kozegho.com\/fr\/user-profile\/","title":{"rendered":"Profil de l&rsquo;utilisateur"},"content":{"rendered":"<div id=\"wpmem_login\"><a id=\"login\"><\/a><form action=\"https:\/\/www.kozegho.com\/fr\/user-profile\/\" method=\"POST\" id=\"wpmem_login_form\" class=\"form\"><input type=\"hidden\" id=\"_wpmem_login_nonce\" name=\"_wpmem_login_nonce\" value=\"71a1ccc96f\" \/><input type=\"hidden\" name=\"_wp_http_referer\" value=\"\/fr\/wp-json\/wp\/v2\/pages\/4621\" \/><fieldset><legend>Connexion pour les Utilisateurs enregistr\u00e9s<\/legend><label for=\"log\">Identifiant ou e-mail<\/label><div class=\"div_text\"><input name=\"log\" type=\"text\" id=\"log\" value=\"\" class=\"username\" required  \/><\/div><label for=\"pwd\">Mot de passe<\/label><div class=\"div_text\"><input name=\"pwd\" type=\"password\" id=\"pwd\" class=\"password\" required  \/><\/div><input name=\"a\" type=\"hidden\" value=\"login\" \/><input name=\"redirect_to\" type=\"hidden\" value=\"https:\/\/www.kozegho.com\/fr\/user-profile\/\" \/><div class=\"button_div\"><input name=\"rememberme\" type=\"checkbox\" id=\"rememberme\" value=\"forever\" \/>&nbsp;<label for=\"rememberme\">Se souvenir de moi<\/label>&nbsp;&nbsp;<input type=\"submit\" name=\"Submit\" value=\"Connexion\" class=\"buttons\" \/><\/div><div class=\"link-text\"><span class=\"link-text-forgot\">Mot de Passe oubli\u00e9?&nbsp;<a href=\"https:\/\/www.kozegho.com\/fr\/user-profile\/?a=pwdreset\">Cliquez ici pour r\u00e9initialiser<\/a><\/span><\/div><\/fieldset><\/form><\/div><div id=\"wpmem_reg\"><a id=\"register\"><\/a><form name=\"form\" method=\"post\" action=\"https:\/\/www.kozegho.com\/fr\/user-profile\/\" id=\"wpmem_register_form\" class=\"form\"><input type=\"hidden\" id=\"_wpmem_register_nonce\" name=\"_wpmem_register_nonce\" value=\"4f58c4247e\" \/><input type=\"hidden\" name=\"_wp_http_referer\" value=\"\/fr\/wp-json\/wp\/v2\/pages\/4621\" \/><fieldset><legend>Nouvel Utilisateur?<\/legend><label for=\"username\" class=\"text\">Choisissez un Nom d&#039;utilisateur<span class=\"req\">*<\/span><\/label><div class=\"div_text\"><input name=\"username\" type=\"text\" id=\"username\" value=\"\" class=\"textbox\" required  \/><\/div><label for=\"first_name\" class=\"text\">Pr\u00e9nom<span class=\"req\">*<\/span><\/label><div class=\"div_text\"><input name=\"first_name\" type=\"text\" id=\"first_name\" value=\"\" class=\"textbox\" required  \/><\/div><label for=\"last_name\" class=\"text\">Nom de Famille<span class=\"req\">*<\/span><\/label><div class=\"div_text\"><input name=\"last_name\" type=\"text\" id=\"last_name\" value=\"\" class=\"textbox\" required  \/><\/div><label for=\"country\" class=\"text\">Pays<span class=\"req\">*<\/span><\/label><div class=\"div_text\"><input name=\"country\" type=\"text\" id=\"country\" value=\"\" class=\"textbox\" required  \/><\/div><label for=\"phone1\" class=\"text\">T\u00e9l\u00e9phone (journ\u00e9e)<span class=\"req\">*<\/span><\/label><div class=\"div_text\"><input name=\"phone1\" type=\"text\" id=\"phone1\" value=\"\" class=\"textbox\" required  \/><\/div><label for=\"user_email\" class=\"text\">Courriel<span class=\"req\">*<\/span><\/label><div class=\"div_text\"><input name=\"user_email\" type=\"email\" id=\"user_email\" value=\"\" class=\"textbox\" required  \/><\/div><label for=\"password\" class=\"text\">Mot de passe<span class=\"req\">*<\/span><\/label><div class=\"div_text\"><input name=\"password\" type=\"password\" id=\"password\" class=\"textbox\" required  \/><\/div><label for=\"confirm_password\" class=\"text\">Confirmez Password<span class=\"req\">*<\/span><\/label><div class=\"div_text\"><input name=\"confirm_password\" type=\"password\" id=\"confirm_password\" class=\"textbox\" required  \/><\/div><div class=\"div_text\"><input name=\"tos\" type=\"checkbox\" id=\"tos\" value=\"agree\" required  \/> <a href=\"https:\/\/www.kozegho.com\/fr\/https:\/\/www.kozegho.com\/fr\/tos\/\" target=\"_blank\">TOS<\/a><span class=\"req\">*<\/span><\/div><input name=\"a\" type=\"hidden\" value=\"register\" \/><input name=\"wpmem_reg_page\" type=\"hidden\" value=\"https:\/\/www.kozegho.com\/fr\/user-profile\/\" \/><script src=\"https:\/\/www.google.com\/recaptcha\/api.js\" async defer><\/script><div class=\"g-recaptcha\" data-sitekey=\"6LdYTb4UAAAAACXtbD9p6FH7DsRQyA45ejq2jxW6\"><\/div><div class=\"button_div\"><input name=\"submit\" type=\"submit\" value=\"S\u2019inscrire\" class=\"buttons\" \/><\/div><div class=\"req-text\"><span class=\"req\">*<\/span>Champ requis<\/div><\/fieldset><\/form><\/div>\n","protected":false},"excerpt":{"rendered":"Connexion pour les Utilisateurs enregistr\u00e9sIdentifiant ou e-mailMot de passe&nbsp;Se souvenir de moi&nbsp;&nbsp;Mot de Passe oubli\u00e9?&nbsp;Cliquez ici pour r\u00e9initialiserNouvel Utilisateur?Choisissez [...]","protected":false},"author":23,"featured_media":0,"parent":0,"menu_order":0,"comment_status":"closed","ping_status":"closed","template":"","meta":{"_acf_changed":false,"rs_blank_template":"","rs_page_bg_color":"","slide_template_v7":"","footnotes":""},"class_list":["post-4621","page","type-page","status-publish","hentry"],"acf":[],"yoast_head":"<!-- This site is optimized with the Yoast SEO plugin v27.6 - https:\/\/yoast.com\/product\/yoast-seo-wordpress\/ -->\n<title>Profil de l&#039;utilisateur - Kozegho<\/title>\n<meta name=\"robots\" content=\"index, follow, max-snippet:-1, max-image-preview:large, max-video-preview:-1\" \/>\n<link rel=\"canonical\" href=\"https:\/\/www.kozegho.com\/fr\/user-profile\/\" \/>\n<meta property=\"og:locale\" content=\"fr_FR\" \/>\n<meta property=\"og:type\" content=\"article\" \/>\n<meta property=\"og:title\" content=\"Profil de l&#039;utilisateur - Kozegho\" \/>\n<meta property=\"og:url\" content=\"https:\/\/www.kozegho.com\/fr\/user-profile\/\" \/>\n<meta property=\"og:site_name\" content=\"Kozegho\" \/>\n<meta property=\"article:modified_time\" content=\"2018-02-15T12:24:52+00:00\" \/>\n<meta name=\"twitter:card\" content=\"summary_large_image\" \/>\n<script type=\"application\/ld+json\" class=\"yoast-schema-graph\">{\"@context\":\"https:\\\/\\\/schema.org\",\"@graph\":[{\"@type\":\"WebPage\",\"@id\":\"https:\\\/\\\/www.kozegho.com\\\/fr\\\/user-profile\\\/\",\"url\":\"https:\\\/\\\/www.kozegho.com\\\/fr\\\/user-profile\\\/\",\"name\":\"Profil de l'utilisateur - Kozegho\",\"isPartOf\":{\"@id\":\"https:\\\/\\\/www.kozegho.com\\\/#website\"},\"datePublished\":\"2018-02-15T12:15:01+00:00\",\"dateModified\":\"2018-02-15T12:24:52+00:00\",\"breadcrumb\":{\"@id\":\"https:\\\/\\\/www.kozegho.com\\\/fr\\\/user-profile\\\/#breadcrumb\"},\"inLanguage\":\"fr-FR\",\"potentialAction\":[{\"@type\":\"ReadAction\",\"target\":[\"https:\\\/\\\/www.kozegho.com\\\/fr\\\/user-profile\\\/\"]}]},{\"@type\":\"BreadcrumbList\",\"@id\":\"https:\\\/\\\/www.kozegho.com\\\/fr\\\/user-profile\\\/#breadcrumb\",\"itemListElement\":[{\"@type\":\"ListItem\",\"position\":1,\"name\":\"Home\",\"item\":\"https:\\\/\\\/www.kozegho.com\\\/fr\\\/\"},{\"@type\":\"ListItem\",\"position\":2,\"name\":\"Profil de l&rsquo;utilisateur\"}]},{\"@type\":\"WebSite\",\"@id\":\"https:\\\/\\\/www.kozegho.com\\\/#website\",\"url\":\"https:\\\/\\\/www.kozegho.com\\\/\",\"name\":\"Kozegho\",\"description\":\"Dosing Systems\",\"publisher\":{\"@id\":\"https:\\\/\\\/www.kozegho.com\\\/#organization\"},\"potentialAction\":[{\"@type\":\"SearchAction\",\"target\":{\"@type\":\"EntryPoint\",\"urlTemplate\":\"https:\\\/\\\/www.kozegho.com\\\/?s={search_term_string}\"},\"query-input\":{\"@type\":\"PropertyValueSpecification\",\"valueRequired\":true,\"valueName\":\"search_term_string\"}}],\"inLanguage\":\"fr-FR\"},{\"@type\":\"Organization\",\"@id\":\"https:\\\/\\\/www.kozegho.com\\\/#organization\",\"name\":\"Kozegho\",\"url\":\"https:\\\/\\\/www.kozegho.com\\\/\",\"logo\":{\"@type\":\"ImageObject\",\"inLanguage\":\"fr-FR\",\"@id\":\"https:\\\/\\\/www.kozegho.com\\\/#\\\/schema\\\/logo\\\/image\\\/\",\"url\":\"https:\\\/\\\/www.kozegho.com\\\/wp-content\\\/uploads\\\/2017\\\/07\\\/logo.png\",\"contentUrl\":\"https:\\\/\\\/www.kozegho.com\\\/wp-content\\\/uploads\\\/2017\\\/07\\\/logo.png\",\"width\":200,\"height\":67,\"caption\":\"Kozegho\"},\"image\":{\"@id\":\"https:\\\/\\\/www.kozegho.com\\\/#\\\/schema\\\/logo\\\/image\\\/\"}}]}<\/script>\n<!-- \/ Yoast SEO plugin. -->","yoast_head_json":{"title":"Profil de l'utilisateur - Kozegho","robots":{"index":"index","follow":"follow","max-snippet":"max-snippet:-1","max-image-preview":"max-image-preview:large","max-video-preview":"max-video-preview:-1"},"canonical":"https:\/\/www.kozegho.com\/fr\/user-profile\/","og_locale":"fr_FR","og_type":"article","og_title":"Profil de l'utilisateur - Kozegho","og_url":"https:\/\/www.kozegho.com\/fr\/user-profile\/","og_site_name":"Kozegho","article_modified_time":"2018-02-15T12:24:52+00:00","twitter_card":"summary_large_image","schema":{"@context":"https:\/\/schema.org","@graph":[{"@type":"WebPage","@id":"https:\/\/www.kozegho.com\/fr\/user-profile\/","url":"https:\/\/www.kozegho.com\/fr\/user-profile\/","name":"Profil de l'utilisateur - Kozegho","isPartOf":{"@id":"https:\/\/www.kozegho.com\/#website"},"datePublished":"2018-02-15T12:15:01+00:00","dateModified":"2018-02-15T12:24:52+00:00","breadcrumb":{"@id":"https:\/\/www.kozegho.com\/fr\/user-profile\/#breadcrumb"},"inLanguage":"fr-FR","potentialAction":[{"@type":"ReadAction","target":["https:\/\/www.kozegho.com\/fr\/user-profile\/"]}]},{"@type":"BreadcrumbList","@id":"https:\/\/www.kozegho.com\/fr\/user-profile\/#breadcrumb","itemListElement":[{"@type":"ListItem","position":1,"name":"Home","item":"https:\/\/www.kozegho.com\/fr\/"},{"@type":"ListItem","position":2,"name":"Profil de l&rsquo;utilisateur"}]},{"@type":"WebSite","@id":"https:\/\/www.kozegho.com\/#website","url":"https:\/\/www.kozegho.com\/","name":"Kozegho","description":"Dosing Systems","publisher":{"@id":"https:\/\/www.kozegho.com\/#organization"},"potentialAction":[{"@type":"SearchAction","target":{"@type":"EntryPoint","urlTemplate":"https:\/\/www.kozegho.com\/?s={search_term_string}"},"query-input":{"@type":"PropertyValueSpecification","valueRequired":true,"valueName":"search_term_string"}}],"inLanguage":"fr-FR"},{"@type":"Organization","@id":"https:\/\/www.kozegho.com\/#organization","name":"Kozegho","url":"https:\/\/www.kozegho.com\/","logo":{"@type":"ImageObject","inLanguage":"fr-FR","@id":"https:\/\/www.kozegho.com\/#\/schema\/logo\/image\/","url":"https:\/\/www.kozegho.com\/wp-content\/uploads\/2017\/07\/logo.png","contentUrl":"https:\/\/www.kozegho.com\/wp-content\/uploads\/2017\/07\/logo.png","width":200,"height":67,"caption":"Kozegho"},"image":{"@id":"https:\/\/www.kozegho.com\/#\/schema\/logo\/image\/"}}]}},"_links":{"self":[{"href":"https:\/\/www.kozegho.com\/fr\/wp-json\/wp\/v2\/pages\/4621","targetHints":{"allow":["GET"]}}],"collection":[{"href":"https:\/\/www.kozegho.com\/fr\/wp-json\/wp\/v2\/pages"}],"about":[{"href":"https:\/\/www.kozegho.com\/fr\/wp-json\/wp\/v2\/types\/page"}],"author":[{"embeddable":true,"href":"https:\/\/www.kozegho.com\/fr\/wp-json\/wp\/v2\/users\/23"}],"replies":[{"embeddable":true,"href":"https:\/\/www.kozegho.com\/fr\/wp-json\/wp\/v2\/comments?post=4621"}],"version-history":[{"count":0,"href":"https:\/\/www.kozegho.com\/fr\/wp-json\/wp\/v2\/pages\/4621\/revisions"}],"wp:attachment":[{"href":"https:\/\/www.kozegho.com\/fr\/wp-json\/wp\/v2\/media?parent=4621"}],"curies":[{"name":"wp","href":"https:\/\/api.w.org\/{rel}","templated":true}]}}