{"id":1774,"date":"2017-08-22T10:52:08","date_gmt":"2017-08-22T10:52:08","guid":{"rendered":"http:\/\/www.kozegho.com\/home-2\/"},"modified":"2020-04-23T15:32:40","modified_gmt":"2020-04-23T15:32:40","slug":"home-2","status":"publish","type":"page","link":"https:\/\/www.kozegho.com\/fr\/","title":{"rendered":"Page d&rsquo;entr\u00e9e"},"content":{"rendered":"<div class=\"wpb-content-wrapper\">[vc_row fullwidth=\u00a0\u00bbtrue\u00a0\u00bb][vc_column][rev_slider_vc alias=\u00a0\u00bbhome-page-01&Prime; el_class=\u00a0\u00bbslider-si\u00a0\u00bb][\/vc_column][\/vc_row][vc_row fullwidth=\u00a0\u00bbtrue\u00a0\u00bb fullwidth_content=\u00a0\u00bbfalse\u00a0\u00bb css=\u00a0\u00bb.vc_custom_1449157075132{background-color: #fcfcfc !important;}\u00a0\u00bb][vc_column][mk_padding_divider size=\u00a0\u00bb80&Prime;][mk_fancy_title tag_name=\u00a0\u00bbh1&Prime; size=\u00a0\u00bb40&Prime; font_weight=\u00a0\u00bb200&Prime; margin_bottom=\u00a0\u00bb5&Prime; font_family=\u00a0\u00bbnone\u00a0\u00bb align=\u00a0\u00bbcenter\u00a0\u00bb]KOZEGHO DOSING <strong>SYSTEMS<\/strong>[\/mk_fancy_title][vc_column_text]\n<p style=\"text-align: center;\">Dans Kozegho le chaque demande est unique, nous engageons nos partenaires \u00e0 tous les stades du processus<\/p>\n[\/vc_column_text][mk_divider style=\u00a0\u00bbthin_solid\u00a0\u00bb divider_width=\u00a0\u00bbcustom_width\u00a0\u00bb custom_width=\u00a0\u00bb86&Prime; thickness=\u00a0\u00bb5&Prime; margin_top=\u00a0\u00bb0&Prime;][vc_column_text disable_pattern=\u00a0\u00bbfalse\u00a0\u00bb align=\u00a0\u00bbcenter\u00a0\u00bb el_class=\u00a0\u00bbh2-to-paragrapah\u00a0\u00bb]\n<h2>\u2022 AGITATION \u2022 STORAGE TANKS \u2022 PREPARATION TANKS \u2022 POLYELECTROLYTE PREPARATION SYSTEMS<br \/>\n\u2022 DOSING SYSTEMS \u2022 PREPARATION SYSTEMS\u00a0\u2022 MEASURING AND CONTROL SYSTEMS<\/h2>\n[\/vc_column_text][mk_padding_divider size=\u00a0\u00bb60&Prime; visibility=\u00a0\u00bbhidden-sm\u00a0\u00bb][mk_padding_divider size=\u00a0\u00bb60&Prime; visibility=\u00a0\u00bbhidden-sm\u00a0\u00bb][\/vc_column][\/vc_row]\n<\/div>","protected":false},"excerpt":{"rendered":"<p>[vc_row fullwidth=\u00a0\u00bbtrue\u00a0\u00bb][vc_column][rev_slider_vc alias=\u00a0\u00bbhome-page-01&Prime; el_class=\u00a0\u00bbslider-si\u00a0\u00bb][\/vc_column][\/vc_row][vc_row fullwidth=\u00a0\u00bbtrue\u00a0\u00bb fullwidth_content=\u00a0\u00bbfalse\u00a0\u00bb css=\u00a0\u00bb.vc_custom_1449157075132{background-color: #fcfcfc !important;}\u00a0\u00bb][vc_column][mk_padding_divider size=\u00a0\u00bb80&Prime;][mk_fancy_title tag_name=\u00a0\u00bbh1&Prime; size=\u00a0\u00bb40&Prime; font_weight=\u00a0\u00bb200&Prime; margin_bottom=\u00a0\u00bb5&Prime; font_family=\u00a0\u00bbnone\u00a0\u00bb align=\u00a0\u00bbcenter\u00a0\u00bb]KOZEGHO DOSING SYSTEMS[\/mk_fancy_title][vc_column_text] Dans [&hellip;]<\/p>\n","protected":false},"author":23,"featured_media":0,"parent":0,"menu_order":0,"comment_status":"closed","ping_status":"closed","template":"","meta":{"_acf_changed":false,"rs_blank_template":"","rs_page_bg_color":"","slide_template_v7":"","footnotes":""},"class_list":["post-1774","page","type-page","status-publish","hentry"],"acf":[],"yoast_head":"<!-- This site is optimized with the Yoast SEO plugin v27.3 - https:\/\/yoast.com\/product\/yoast-seo-wordpress\/ -->\n<title>Kozegho | Dosing Systems<\/title>\n<meta name=\"description\" content=\"Solutions compl\u00e8tes pour le stockage, la manipulation et le dosage de produits chimiques. Des g\u00e9n\u00e9rateurs de dioxyde de chlore aux d\u00e9p\u00f4ts et agitateurs, entre autres produits\" \/>\n<meta name=\"robots\" content=\"index, follow, max-snippet:-1, max-image-preview:large, max-video-preview:-1\" \/>\n<link rel=\"canonical\" href=\"https:\/\/www.kozegho.com\/fr\/\" \/>\n<meta property=\"og:locale\" content=\"fr_FR\" \/>\n<meta property=\"og:type\" content=\"article\" \/>\n<meta property=\"og:title\" content=\"Kozegho | Dosing Systems\" \/>\n<meta property=\"og:description\" content=\"Solutions compl\u00e8tes pour le stockage, la manipulation et le dosage de produits chimiques. Des g\u00e9n\u00e9rateurs de dioxyde de chlore aux d\u00e9p\u00f4ts et agitateurs, entre autres produits\" \/>\n<meta property=\"og:url\" content=\"https:\/\/www.kozegho.com\/fr\/\" \/>\n<meta property=\"og:site_name\" content=\"Kozegho\" \/>\n<meta property=\"article:modified_time\" content=\"2020-04-23T15:32:40+00:00\" \/>\n<meta name=\"twitter:card\" content=\"summary_large_image\" \/>\n<meta name=\"twitter:label1\" content=\"Dur\u00e9e de lecture estim\u00e9e\" \/>\n\t<meta name=\"twitter:data1\" content=\"1 minute\" \/>\n<script type=\"application\/ld+json\" class=\"yoast-schema-graph\">{\"@context\":\"https:\\\/\\\/schema.org\",\"@graph\":[{\"@type\":\"WebPage\",\"@id\":\"https:\\\/\\\/www.kozegho.com\\\/fr\\\/\",\"url\":\"https:\\\/\\\/www.kozegho.com\\\/fr\\\/\",\"name\":\"Kozegho | Dosing Systems\",\"isPartOf\":{\"@id\":\"https:\\\/\\\/www.kozegho.com\\\/#website\"},\"datePublished\":\"2017-08-22T10:52:08+00:00\",\"dateModified\":\"2020-04-23T15:32:40+00:00\",\"description\":\"Solutions compl\u00e8tes pour le stockage, la manipulation et le dosage de produits chimiques. Des g\u00e9n\u00e9rateurs de dioxyde de chlore aux d\u00e9p\u00f4ts et agitateurs, entre autres produits\",\"breadcrumb\":{\"@id\":\"https:\\\/\\\/www.kozegho.com\\\/fr\\\/#breadcrumb\"},\"inLanguage\":\"fr-FR\",\"potentialAction\":[{\"@type\":\"ReadAction\",\"target\":[\"https:\\\/\\\/www.kozegho.com\\\/fr\\\/\"]}]},{\"@type\":\"BreadcrumbList\",\"@id\":\"https:\\\/\\\/www.kozegho.com\\\/fr\\\/#breadcrumb\",\"itemListElement\":[{\"@type\":\"ListItem\",\"position\":1,\"name\":\"Home\",\"item\":\"https:\\\/\\\/www.kozegho.com\\\/fr\\\/\"},{\"@type\":\"ListItem\",\"position\":2,\"name\":\"Page d&rsquo;entr\u00e9e\"}]},{\"@type\":\"WebSite\",\"@id\":\"https:\\\/\\\/www.kozegho.com\\\/#website\",\"url\":\"https:\\\/\\\/www.kozegho.com\\\/\",\"name\":\"Kozegho\",\"description\":\"Dosing Systems\",\"publisher\":{\"@id\":\"https:\\\/\\\/www.kozegho.com\\\/#organization\"},\"potentialAction\":[{\"@type\":\"SearchAction\",\"target\":{\"@type\":\"EntryPoint\",\"urlTemplate\":\"https:\\\/\\\/www.kozegho.com\\\/?s={search_term_string}\"},\"query-input\":{\"@type\":\"PropertyValueSpecification\",\"valueRequired\":true,\"valueName\":\"search_term_string\"}}],\"inLanguage\":\"fr-FR\"},{\"@type\":\"Organization\",\"@id\":\"https:\\\/\\\/www.kozegho.com\\\/#organization\",\"name\":\"Kozegho\",\"url\":\"https:\\\/\\\/www.kozegho.com\\\/\",\"logo\":{\"@type\":\"ImageObject\",\"inLanguage\":\"fr-FR\",\"@id\":\"https:\\\/\\\/www.kozegho.com\\\/#\\\/schema\\\/logo\\\/image\\\/\",\"url\":\"https:\\\/\\\/www.kozegho.com\\\/wp-content\\\/uploads\\\/2017\\\/07\\\/logo.png\",\"contentUrl\":\"https:\\\/\\\/www.kozegho.com\\\/wp-content\\\/uploads\\\/2017\\\/07\\\/logo.png\",\"width\":200,\"height\":67,\"caption\":\"Kozegho\"},\"image\":{\"@id\":\"https:\\\/\\\/www.kozegho.com\\\/#\\\/schema\\\/logo\\\/image\\\/\"}}]}<\/script>\n<!-- \/ Yoast SEO plugin. -->","yoast_head_json":{"title":"Kozegho | Dosing Systems","description":"Solutions compl\u00e8tes pour le stockage, la manipulation et le dosage de produits chimiques. Des g\u00e9n\u00e9rateurs de dioxyde de chlore aux d\u00e9p\u00f4ts et agitateurs, entre autres produits","robots":{"index":"index","follow":"follow","max-snippet":"max-snippet:-1","max-image-preview":"max-image-preview:large","max-video-preview":"max-video-preview:-1"},"canonical":"https:\/\/www.kozegho.com\/fr\/","og_locale":"fr_FR","og_type":"article","og_title":"Kozegho | Dosing Systems","og_description":"Solutions compl\u00e8tes pour le stockage, la manipulation et le dosage de produits chimiques. Des g\u00e9n\u00e9rateurs de dioxyde de chlore aux d\u00e9p\u00f4ts et agitateurs, entre autres produits","og_url":"https:\/\/www.kozegho.com\/fr\/","og_site_name":"Kozegho","article_modified_time":"2020-04-23T15:32:40+00:00","twitter_card":"summary_large_image","twitter_misc":{"Dur\u00e9e de lecture estim\u00e9e":"1 minute"},"schema":{"@context":"https:\/\/schema.org","@graph":[{"@type":"WebPage","@id":"https:\/\/www.kozegho.com\/fr\/","url":"https:\/\/www.kozegho.com\/fr\/","name":"Kozegho | Dosing Systems","isPartOf":{"@id":"https:\/\/www.kozegho.com\/#website"},"datePublished":"2017-08-22T10:52:08+00:00","dateModified":"2020-04-23T15:32:40+00:00","description":"Solutions compl\u00e8tes pour le stockage, la manipulation et le dosage de produits chimiques. Des g\u00e9n\u00e9rateurs de dioxyde de chlore aux d\u00e9p\u00f4ts et agitateurs, entre autres produits","breadcrumb":{"@id":"https:\/\/www.kozegho.com\/fr\/#breadcrumb"},"inLanguage":"fr-FR","potentialAction":[{"@type":"ReadAction","target":["https:\/\/www.kozegho.com\/fr\/"]}]},{"@type":"BreadcrumbList","@id":"https:\/\/www.kozegho.com\/fr\/#breadcrumb","itemListElement":[{"@type":"ListItem","position":1,"name":"Home","item":"https:\/\/www.kozegho.com\/fr\/"},{"@type":"ListItem","position":2,"name":"Page d&rsquo;entr\u00e9e"}]},{"@type":"WebSite","@id":"https:\/\/www.kozegho.com\/#website","url":"https:\/\/www.kozegho.com\/","name":"Kozegho","description":"Dosing Systems","publisher":{"@id":"https:\/\/www.kozegho.com\/#organization"},"potentialAction":[{"@type":"SearchAction","target":{"@type":"EntryPoint","urlTemplate":"https:\/\/www.kozegho.com\/?s={search_term_string}"},"query-input":{"@type":"PropertyValueSpecification","valueRequired":true,"valueName":"search_term_string"}}],"inLanguage":"fr-FR"},{"@type":"Organization","@id":"https:\/\/www.kozegho.com\/#organization","name":"Kozegho","url":"https:\/\/www.kozegho.com\/","logo":{"@type":"ImageObject","inLanguage":"fr-FR","@id":"https:\/\/www.kozegho.com\/#\/schema\/logo\/image\/","url":"https:\/\/www.kozegho.com\/wp-content\/uploads\/2017\/07\/logo.png","contentUrl":"https:\/\/www.kozegho.com\/wp-content\/uploads\/2017\/07\/logo.png","width":200,"height":67,"caption":"Kozegho"},"image":{"@id":"https:\/\/www.kozegho.com\/#\/schema\/logo\/image\/"}}]}},"_links":{"self":[{"href":"https:\/\/www.kozegho.com\/fr\/wp-json\/wp\/v2\/pages\/1774","targetHints":{"allow":["GET"]}}],"collection":[{"href":"https:\/\/www.kozegho.com\/fr\/wp-json\/wp\/v2\/pages"}],"about":[{"href":"https:\/\/www.kozegho.com\/fr\/wp-json\/wp\/v2\/types\/page"}],"author":[{"embeddable":true,"href":"https:\/\/www.kozegho.com\/fr\/wp-json\/wp\/v2\/users\/23"}],"replies":[{"embeddable":true,"href":"https:\/\/www.kozegho.com\/fr\/wp-json\/wp\/v2\/comments?post=1774"}],"version-history":[{"count":0,"href":"https:\/\/www.kozegho.com\/fr\/wp-json\/wp\/v2\/pages\/1774\/revisions"}],"wp:attachment":[{"href":"https:\/\/www.kozegho.com\/fr\/wp-json\/wp\/v2\/media?parent=1774"}],"curies":[{"name":"wp","href":"https:\/\/api.w.org\/{rel}","templated":true}]}}