{"id":1415,"date":"2017-08-22T11:38:05","date_gmt":"2017-08-22T11:38:05","guid":{"rendered":"http:\/\/www.kozegho.com\/about-us\/"},"modified":"2020-04-28T08:33:52","modified_gmt":"2020-04-28T08:33:52","slug":"propos-de-nous","status":"publish","type":"page","link":"https:\/\/www.kozegho.com\/fr\/propos-de-nous\/","title":{"rendered":"Propos de nous"},"content":{"rendered":"<div class=\"wpb-content-wrapper\">[mk_page_section bg_image=\u00a0\u00bbhttps:\/\/www.kozegho.com\/wp-content\/uploads\/2017\/08\/skid-kazanskaya_russia-company-gamma.jpg\u00a0\u00bb blend_mode=\u00a0\u00bbluminosity\u00a0\u00bb bg_position=\u00a0\u00bbcenter top\u00a0\u00bb bg_repeat=\u00a0\u00bbno-repeat\u00a0\u00bb bg_stretch=\u00a0\u00bbtrue\u00a0\u00bb enable_3d=\u00a0\u00bbtrue\u00a0\u00bb speed_factor=\u00a0\u00bb0.6&Prime; video_opacity=\u00a0\u00bb1&Prime; min_height=\u00a0\u00bb260&Prime; full_width=\u00a0\u00bbtrue\u00a0\u00bb padding_top=\u00a0\u00bb90&Prime; padding_bottom=\u00a0\u00bb90&Prime; top_shape_color=\u00a0\u00bb#ffffff\u00a0\u00bb bottom_shape_color=\u00a0\u00bb#ffffff\u00a0\u00bb animation=\u00a0\u00bbbottom-to-top\u00a0\u00bb sidebar=\u00a0\u00bbsidebar-1&Prime;][vc_column][mk_padding_divider size=\u00a0\u00bb60&Prime;][mk_fancy_title tag_name=\u00a0\u00bbh1&Prime; color=\u00a0\u00bb#ffffff\u00a0\u00bb size=\u00a0\u00bb60&Prime; force_font_size=\u00a0\u00bbtrue\u00a0\u00bb size_smallscreen=\u00a0\u00bb60&Prime; size_tablet=\u00a0\u00bb60&Prime; size_phone=\u00a0\u00bb40&Prime; font_weight=\u00a0\u00bb100&Prime; txt_transform=\u00a0\u00bbuppercase\u00a0\u00bb margin_bottom=\u00a0\u00bb0&Prime; font_family=\u00a0\u00bbnone\u00a0\u00bb align=\u00a0\u00bbcenter\u00a0\u00bb]\n<p style=\"text-align: center;\">PROPOS DE NOUS<\/p>\n[\/mk_fancy_title][mk_padding_divider size=\u00a0\u00bb60&Prime;][\/vc_column][\/mk_page_section][vc_row][vc_column width=\u00a0\u00bb1\/6&Prime;][\/vc_column][vc_column width=\u00a0\u00bb2\/3&Prime;][mk_padding_divider][vc_video title=\u00a0\u00bbKozegho\u00a0\u00bb host=\u00a0\u00bbself_hosted\u00a0\u00bb mp4=\u00a0\u00bbhttps:\/\/www.kozegho.com\/wp-content\/uploads\/2019\/11\/kozegho-final-export-2.mp4&Prime; poster_image=\u00a0\u00bbhttps:\/\/www.kozegho.com\/wp-content\/uploads\/2017\/08\/capa.jpg\u00a0\u00bb autoplay=\u00a0\u00bbtrue\u00a0\u00bb][mk_padding_divider size=\u00a0\u00bb60&Prime;][\/vc_column][vc_column width=\u00a0\u00bb1\/6&Prime;][\/vc_column][\/vc_row][vc_row][vc_column][mk_padding_divider][mk_fancy_title color=\u00a0\u00bb#666666&Prime; size=\u00a0\u00bb40&Prime; font_weight=\u00a0\u00bb200&Prime; txt_transform=\u00a0\u00bbuppercase\u00a0\u00bb font_family=\u00a0\u00bbnone\u00a0\u00bb align=\u00a0\u00bbcenter\u00a0\u00bb]Qui nous <strong>sommes<\/strong>[\/mk_fancy_title][mk_divider style=\u00a0\u00bbthin_solid\u00a0\u00bb divider_width=\u00a0\u00bbcustom_width\u00a0\u00bb custom_width=\u00a0\u00bb86&Prime; thickness=\u00a0\u00bb5&Prime; margin_top=\u00a0\u00bb0&Prime;][vc_column_text]Dans KOZEGHO nous avons une \u00e9quipe tr\u00e8s dynamique et d\u00e9vou\u00e9e avec 20 ans d&rsquo;exp\u00e9rience dans le domaine, notre personnelle int\u00e8gre toutes les valences \u00e0 apporter au processus et contribue \u00e0 \u00e9liminer les erreurs de sous-traitance et de nous permettre d&rsquo;adapter les solutions standard pr\u00e9alablement \u00e9tudi\u00e9 et test\u00e9, au particulier besoins de chaque projet.<\/p>\n<p>Install\u00e9 dans un b\u00e2timent industriel adapt\u00e9 au processus de fabrication, KOZEGHO est \u00e9quip\u00e9 de technologies de pointe comme les postes de travail de conception 3D dans SolidWorks et Autocad, les usines de d\u00e9coupe CNC, machines de soudage automatique et derniers manuels de production, mat\u00e9riel de manutention et des charges de transport, la construction, les tests et diagnostic de panneaux \u00e9lectriques, programmation et tests de code PLC dans la situation r\u00e9elle. Nous avons \u00e9galement une station de test adapt\u00e9 \u00e0 tout les \u00e9quipements produits afin que nous puissions r\u00e9duire les erreurs de conception et possibles d\u00e9fauts \u00e9ventuels de construction .<\/p>\n<p>En profil de constructeur\u00a0des solutions compl\u00e8tes pour le stockage, la manipulation et le dosage des produits chimiques, le\u00a0partenaires locaux\u00a0de KOZEGHO \u00a0ont que faire le lien entre les utilisateurs et l&rsquo;usine.<br \/>\nAvec un concept commercial del\u00e0 de la simple fournisseur d&rsquo;\u00e9quipements nous avons l&rsquo;intention d&rsquo;\u00e9tablir des relations de confiance et la continuit\u00e9 avec tous nos partenaires partageant le savoir-faire, la responsabilit\u00e9 et exp\u00e9riences mutuelles afin de trouver le rapport co\u00fbt \/ b\u00e9n\u00e9fice optimal pour chaque projet.<\/p>\n[\/vc_column_text][mk_padding_divider size=\u00a0\u00bb60&Prime;][\/vc_column][\/vc_row][mk_page_section layout_structure=\u00a0\u00bbhalf_left\u00a0\u00bb bg_image=\u00a0\u00bbhttps:\/\/www.kozegho.com\/wp-content\/uploads\/2017\/08\/dsc_0101-4.jpg\u00a0\u00bb bg_color=\u00a0\u00bb#73c167&Prime; padding_top=\u00a0\u00bb60&Prime; padding_bottom=\u00a0\u00bb60&Prime; top_shape_color=\u00a0\u00bb#ffffff\u00a0\u00bb bottom_shape_color=\u00a0\u00bb#ffffff\u00a0\u00bb el_class=\u00a0\u00bbsi-ko-about\u00a0\u00bb][vc_column][mk_fancy_title color=\u00a0\u00bb#ffffff\u00a0\u00bb size=\u00a0\u00bb25&Prime; font_weight=\u00a0\u00bbbold\u00a0\u00bb txt_transform=\u00a0\u00bbuppercase\u00a0\u00bb margin_bottom=\u00a0\u00bb5&Prime; font_family=\u00a0\u00bbnone\u00a0\u00bb]Dans KOZEGHO nous avons une \u00e9quipe tr\u00e8s dynamique et d\u00e9vou\u00e9e avec 20 ans d&rsquo;exp\u00e9rience[\/mk_fancy_title][vc_column_text]\n<p>&nbsp;<\/p>\n<p><span style=\"color: #ffffff;\">Chaque projet passe par une analyse attentive par notre \u00e9quipe de vente afin de pr\u00e9senter la meilleure offre financi\u00e8re en vue de la fin \u00e0 laquelle il est destin\u00e9, ainsi maximisation de la s\u00e9curit\u00e9, la fonctionnalit\u00e9 et l&rsquo;ergonomie des solutions toujours affich\u00e9s du point de vue de l&rsquo;utilisateur final.<\/span><\/p>\n<p>&nbsp;<\/p>\n<p>&nbsp;<\/p>\n<p>&nbsp;<\/p>\n[\/vc_column_text][\/vc_column][\/mk_page_section][vc_row disable_element=\u00a0\u00bbyes\u00a0\u00bb el_class=\u00a0\u00bbrows-mobile\u00a0\u00bb][vc_column][\/vc_column][\/vc_row][mk_page_section layout_structure=\u00a0\u00bbhalf_right\u00a0\u00bb bg_image=\u00a0\u00bbhttps:\/\/www.kozegho.com\/wp-content\/uploads\/2017\/08\/imagem-2.jpg\u00a0\u00bb bg_color=\u00a0\u00bb#ffffff\u00a0\u00bb padding_top=\u00a0\u00bb60&Prime; padding_bottom=\u00a0\u00bb60&Prime; top_shape_color=\u00a0\u00bb#ffffff\u00a0\u00bb bottom_shape_color=\u00a0\u00bb#ffffff\u00a0\u00bb el_class=\u00a0\u00bbsi-ko-about\u00a0\u00bb][vc_column][vc_column_text]\n<p>&nbsp;<\/p>\n<p>Le chaque demande est unique, nous engageons nos partenaires \u00e0 tous les stades du processus de production, et a donc des moyens pour fournir tel que construit 3D, personne sch\u00e9ma de c\u00e2blage de chaque \u00e9quipement \u00e0 construire, d\u00e9coupe de pi\u00e8ces de dessin dans le fraisage CNC, la programmation PLC et effectuer technique documentation selon les exigences de l&rsquo;utilisateur final.<\/p>\n<p>&nbsp;<\/p>\n<p>&nbsp;<\/p>\n[\/vc_column_text][\/vc_column][\/mk_page_section][vc_row disable_element=\u00a0\u00bbyes\u00a0\u00bb el_class=\u00a0\u00bbrows-mobile\u00a0\u00bb][vc_column][\/vc_column][\/vc_row][mk_page_section layout_structure=\u00a0\u00bbhalf_left\u00a0\u00bb bg_image=\u00a0\u00bbhttps:\/\/www.kozegho.com\/wp-content\/uploads\/2017\/08\/imagem-3r_2.jpg\u00a0\u00bb bg_color=\u00a0\u00bb#73c167&Prime; padding_top=\u00a0\u00bb60&Prime; padding_bottom=\u00a0\u00bb60&Prime; top_shape_color=\u00a0\u00bb#ffffff\u00a0\u00bb bottom_shape_color=\u00a0\u00bb#ffffff\u00a0\u00bb el_class=\u00a0\u00bbsi-ko-about\u00a0\u00bb][vc_column][vc_column_text]\n<p>&nbsp;<\/p>\n<p><span style=\"color: #ffffff;\">Nous avons un grand stock de mati\u00e8res premi\u00e8res et composants pour r\u00e9duire au minimum les d\u00e9lais de livraison et en \u00e9vitant les temps d&rsquo;attente en cas d&rsquo;\u00e9chec au titre des garanties et des pi\u00e8ces de rechange.<\/span><\/p>\n<p>&nbsp;<\/p>\n<p>&nbsp;<\/p>\n[\/vc_column_text][\/vc_column][\/mk_page_section][vc_row disable_element=\u00a0\u00bbyes\u00a0\u00bb el_class=\u00a0\u00bbrows-mobile\u00a0\u00bb][vc_column][\/vc_column][\/vc_row][mk_page_section layout_structure=\u00a0\u00bbhalf_right\u00a0\u00bb bg_image=\u00a0\u00bbhttps:\/\/www.kozegho.com\/wp-content\/uploads\/2017\/08\/imagem-4.jpg\u00a0\u00bb bg_color=\u00a0\u00bb#ffffff\u00a0\u00bb padding_top=\u00a0\u00bb60&Prime; padding_bottom=\u00a0\u00bb60&Prime; top_shape_color=\u00a0\u00bb#ffffff\u00a0\u00bb bottom_shape_color=\u00a0\u00bb#ffffff\u00a0\u00bb el_class=\u00a0\u00bbsi-ko-about\u00a0\u00bb][vc_column][vc_column_text]\n<p>&nbsp;<\/p>\n<p>&nbsp;<\/p>\n<p>The production process begins with the submission of as-built 3D, which after approval lead individually, wiring diagram, parts of sectional design in CNC milling, PLC programming and technical documentation depending on the end-user requirements.<\/p>\n<p>&nbsp;<\/p>\n<p>&nbsp;<\/p>\n<p>&nbsp;<\/p>\n[\/vc_column_text][\/vc_column][\/mk_page_section][vc_row disable_element=\u00a0\u00bbyes\u00a0\u00bb][vc_column][\/vc_column][\/vc_row]\n<\/div>","protected":false},"excerpt":{"rendered":"<p>[mk_page_section bg_image=\u00a0\u00bbhttps:\/\/www.kozegho.com\/wp-content\/uploads\/2017\/08\/skid-kazanskaya_russia-company-gamma.jpg\u00a0\u00bb blend_mode=\u00a0\u00bbluminosity\u00a0\u00bb bg_position=\u00a0\u00bbcenter top\u00a0\u00bb bg_repeat=\u00a0\u00bbno-repeat\u00a0\u00bb bg_stretch=\u00a0\u00bbtrue\u00a0\u00bb enable_3d=\u00a0\u00bbtrue\u00a0\u00bb speed_factor=\u00a0\u00bb0.6&Prime; video_opacity=\u00a0\u00bb1&Prime; min_height=\u00a0\u00bb260&Prime; full_width=\u00a0\u00bbtrue\u00a0\u00bb padding_top=\u00a0\u00bb90&Prime; padding_bottom=\u00a0\u00bb90&Prime; top_shape_color=\u00a0\u00bb#ffffff\u00a0\u00bb bottom_shape_color=\u00a0\u00bb#ffffff\u00a0\u00bb animation=\u00a0\u00bbbottom-to-top\u00a0\u00bb sidebar=\u00a0\u00bbsidebar-1&Prime;][vc_column][mk_padding_divider size=\u00a0\u00bb60&Prime;][mk_fancy_title [&hellip;]<\/p>\n","protected":false},"author":23,"featured_media":0,"parent":0,"menu_order":0,"comment_status":"closed","ping_status":"closed","template":"","meta":{"_acf_changed":false,"rs_blank_template":"","rs_page_bg_color":"","slide_template_v7":"","footnotes":""},"class_list":["post-1415","page","type-page","status-publish","hentry"],"acf":[],"yoast_head":"<!-- This site is optimized with the Yoast SEO plugin v27.4 - https:\/\/yoast.com\/product\/yoast-seo-wordpress\/ -->\n<title>Propos de nous | Kozegho<\/title>\n<meta name=\"description\" content=\"Apprenez-en plus sur nous. Kozegho a une \u00e9quipe tr\u00e8s dynamique et d\u00e9vou\u00e9e, et en m\u00eame temps avec 20 ans d&#039;exp\u00e9rience dans le domaine.\" \/>\n<meta name=\"robots\" content=\"index, follow, max-snippet:-1, max-image-preview:large, max-video-preview:-1\" \/>\n<link rel=\"canonical\" href=\"https:\/\/www.kozegho.com\/fr\/propos-de-nous\/\" \/>\n<meta property=\"og:locale\" content=\"fr_FR\" \/>\n<meta property=\"og:type\" content=\"article\" \/>\n<meta property=\"og:title\" content=\"Propos de nous | Kozegho\" \/>\n<meta property=\"og:description\" content=\"Apprenez-en plus sur nous. Kozegho a une \u00e9quipe tr\u00e8s dynamique et d\u00e9vou\u00e9e, et en m\u00eame temps avec 20 ans d&#039;exp\u00e9rience dans le domaine.\" \/>\n<meta property=\"og:url\" content=\"https:\/\/www.kozegho.com\/fr\/propos-de-nous\/\" \/>\n<meta property=\"og:site_name\" content=\"Kozegho\" \/>\n<meta property=\"article:modified_time\" content=\"2020-04-28T08:33:52+00:00\" \/>\n<meta name=\"twitter:card\" content=\"summary_large_image\" \/>\n<meta name=\"twitter:label1\" content=\"Dur\u00e9e de lecture estim\u00e9e\" \/>\n\t<meta name=\"twitter:data1\" content=\"5 minutes\" \/>\n<script type=\"application\/ld+json\" class=\"yoast-schema-graph\">{\"@context\":\"https:\\\/\\\/schema.org\",\"@graph\":[{\"@type\":\"WebPage\",\"@id\":\"https:\\\/\\\/www.kozegho.com\\\/fr\\\/propos-de-nous\\\/\",\"url\":\"https:\\\/\\\/www.kozegho.com\\\/fr\\\/propos-de-nous\\\/\",\"name\":\"Propos de nous | Kozegho\",\"isPartOf\":{\"@id\":\"https:\\\/\\\/www.kozegho.com\\\/#website\"},\"datePublished\":\"2017-08-22T11:38:05+00:00\",\"dateModified\":\"2020-04-28T08:33:52+00:00\",\"description\":\"Apprenez-en plus sur nous. Kozegho a une \u00e9quipe tr\u00e8s dynamique et d\u00e9vou\u00e9e, et en m\u00eame temps avec 20 ans d'exp\u00e9rience dans le domaine.\",\"breadcrumb\":{\"@id\":\"https:\\\/\\\/www.kozegho.com\\\/fr\\\/propos-de-nous\\\/#breadcrumb\"},\"inLanguage\":\"fr-FR\",\"potentialAction\":[{\"@type\":\"ReadAction\",\"target\":[\"https:\\\/\\\/www.kozegho.com\\\/fr\\\/propos-de-nous\\\/\"]}]},{\"@type\":\"BreadcrumbList\",\"@id\":\"https:\\\/\\\/www.kozegho.com\\\/fr\\\/propos-de-nous\\\/#breadcrumb\",\"itemListElement\":[{\"@type\":\"ListItem\",\"position\":1,\"name\":\"Home\",\"item\":\"https:\\\/\\\/www.kozegho.com\\\/fr\\\/\"},{\"@type\":\"ListItem\",\"position\":2,\"name\":\"Propos de nous\"}]},{\"@type\":\"WebSite\",\"@id\":\"https:\\\/\\\/www.kozegho.com\\\/#website\",\"url\":\"https:\\\/\\\/www.kozegho.com\\\/\",\"name\":\"Kozegho\",\"description\":\"Dosing Systems\",\"publisher\":{\"@id\":\"https:\\\/\\\/www.kozegho.com\\\/#organization\"},\"potentialAction\":[{\"@type\":\"SearchAction\",\"target\":{\"@type\":\"EntryPoint\",\"urlTemplate\":\"https:\\\/\\\/www.kozegho.com\\\/?s={search_term_string}\"},\"query-input\":{\"@type\":\"PropertyValueSpecification\",\"valueRequired\":true,\"valueName\":\"search_term_string\"}}],\"inLanguage\":\"fr-FR\"},{\"@type\":\"Organization\",\"@id\":\"https:\\\/\\\/www.kozegho.com\\\/#organization\",\"name\":\"Kozegho\",\"url\":\"https:\\\/\\\/www.kozegho.com\\\/\",\"logo\":{\"@type\":\"ImageObject\",\"inLanguage\":\"fr-FR\",\"@id\":\"https:\\\/\\\/www.kozegho.com\\\/#\\\/schema\\\/logo\\\/image\\\/\",\"url\":\"https:\\\/\\\/www.kozegho.com\\\/wp-content\\\/uploads\\\/2017\\\/07\\\/logo.png\",\"contentUrl\":\"https:\\\/\\\/www.kozegho.com\\\/wp-content\\\/uploads\\\/2017\\\/07\\\/logo.png\",\"width\":200,\"height\":67,\"caption\":\"Kozegho\"},\"image\":{\"@id\":\"https:\\\/\\\/www.kozegho.com\\\/#\\\/schema\\\/logo\\\/image\\\/\"}}]}<\/script>\n<!-- \/ Yoast SEO plugin. -->","yoast_head_json":{"title":"Propos de nous | Kozegho","description":"Apprenez-en plus sur nous. Kozegho a une \u00e9quipe tr\u00e8s dynamique et d\u00e9vou\u00e9e, et en m\u00eame temps avec 20 ans d'exp\u00e9rience dans le domaine.","robots":{"index":"index","follow":"follow","max-snippet":"max-snippet:-1","max-image-preview":"max-image-preview:large","max-video-preview":"max-video-preview:-1"},"canonical":"https:\/\/www.kozegho.com\/fr\/propos-de-nous\/","og_locale":"fr_FR","og_type":"article","og_title":"Propos de nous | Kozegho","og_description":"Apprenez-en plus sur nous. Kozegho a une \u00e9quipe tr\u00e8s dynamique et d\u00e9vou\u00e9e, et en m\u00eame temps avec 20 ans d'exp\u00e9rience dans le domaine.","og_url":"https:\/\/www.kozegho.com\/fr\/propos-de-nous\/","og_site_name":"Kozegho","article_modified_time":"2020-04-28T08:33:52+00:00","twitter_card":"summary_large_image","twitter_misc":{"Dur\u00e9e de lecture estim\u00e9e":"5 minutes"},"schema":{"@context":"https:\/\/schema.org","@graph":[{"@type":"WebPage","@id":"https:\/\/www.kozegho.com\/fr\/propos-de-nous\/","url":"https:\/\/www.kozegho.com\/fr\/propos-de-nous\/","name":"Propos de nous | Kozegho","isPartOf":{"@id":"https:\/\/www.kozegho.com\/#website"},"datePublished":"2017-08-22T11:38:05+00:00","dateModified":"2020-04-28T08:33:52+00:00","description":"Apprenez-en plus sur nous. Kozegho a une \u00e9quipe tr\u00e8s dynamique et d\u00e9vou\u00e9e, et en m\u00eame temps avec 20 ans d'exp\u00e9rience dans le domaine.","breadcrumb":{"@id":"https:\/\/www.kozegho.com\/fr\/propos-de-nous\/#breadcrumb"},"inLanguage":"fr-FR","potentialAction":[{"@type":"ReadAction","target":["https:\/\/www.kozegho.com\/fr\/propos-de-nous\/"]}]},{"@type":"BreadcrumbList","@id":"https:\/\/www.kozegho.com\/fr\/propos-de-nous\/#breadcrumb","itemListElement":[{"@type":"ListItem","position":1,"name":"Home","item":"https:\/\/www.kozegho.com\/fr\/"},{"@type":"ListItem","position":2,"name":"Propos de nous"}]},{"@type":"WebSite","@id":"https:\/\/www.kozegho.com\/#website","url":"https:\/\/www.kozegho.com\/","name":"Kozegho","description":"Dosing Systems","publisher":{"@id":"https:\/\/www.kozegho.com\/#organization"},"potentialAction":[{"@type":"SearchAction","target":{"@type":"EntryPoint","urlTemplate":"https:\/\/www.kozegho.com\/?s={search_term_string}"},"query-input":{"@type":"PropertyValueSpecification","valueRequired":true,"valueName":"search_term_string"}}],"inLanguage":"fr-FR"},{"@type":"Organization","@id":"https:\/\/www.kozegho.com\/#organization","name":"Kozegho","url":"https:\/\/www.kozegho.com\/","logo":{"@type":"ImageObject","inLanguage":"fr-FR","@id":"https:\/\/www.kozegho.com\/#\/schema\/logo\/image\/","url":"https:\/\/www.kozegho.com\/wp-content\/uploads\/2017\/07\/logo.png","contentUrl":"https:\/\/www.kozegho.com\/wp-content\/uploads\/2017\/07\/logo.png","width":200,"height":67,"caption":"Kozegho"},"image":{"@id":"https:\/\/www.kozegho.com\/#\/schema\/logo\/image\/"}}]}},"_links":{"self":[{"href":"https:\/\/www.kozegho.com\/fr\/wp-json\/wp\/v2\/pages\/1415","targetHints":{"allow":["GET"]}}],"collection":[{"href":"https:\/\/www.kozegho.com\/fr\/wp-json\/wp\/v2\/pages"}],"about":[{"href":"https:\/\/www.kozegho.com\/fr\/wp-json\/wp\/v2\/types\/page"}],"author":[{"embeddable":true,"href":"https:\/\/www.kozegho.com\/fr\/wp-json\/wp\/v2\/users\/23"}],"replies":[{"embeddable":true,"href":"https:\/\/www.kozegho.com\/fr\/wp-json\/wp\/v2\/comments?post=1415"}],"version-history":[{"count":0,"href":"https:\/\/www.kozegho.com\/fr\/wp-json\/wp\/v2\/pages\/1415\/revisions"}],"wp:attachment":[{"href":"https:\/\/www.kozegho.com\/fr\/wp-json\/wp\/v2\/media?parent=1415"}],"curies":[{"name":"wp","href":"https:\/\/api.w.org\/{rel}","templated":true}]}}