{"id":2564,"date":"2017-11-17T17:34:50","date_gmt":"2017-11-17T17:34:50","guid":{"rendered":"http:\/\/www.kozegho.com\/batch-dilution-systems-products-list\/"},"modified":"2020-04-28T10:39:38","modified_gmt":"2020-04-28T10:39:38","slug":"lista-de-sistemas-de-dilucion-por-batch","status":"publish","type":"page","link":"https:\/\/www.kozegho.com\/es\/lista-de-sistemas-de-dilucion-por-batch\/","title":{"rendered":"Sistemas de Diluci\u00f3n por Batch"},"content":{"rendered":"<div class=\"wpb-content-wrapper\">[mk_page_section bg_image=\u00bbhttps:\/\/www.kozegho.com\/wp-content\/uploads\/2017\/12\/img_4860-cpia-1.jpg\u00bb blend_mode=\u00bbluminosity\u00bb bg_position=\u00bbcenter top\u00bb bg_repeat=\u00bbno-repeat\u00bb bg_stretch=\u00bbtrue\u00bb enable_3d=\u00bbtrue\u00bb speed_factor=\u00bb0.6&#8243; video_opacity=\u00bb1&#8243; min_height=\u00bb260&#8243; full_width=\u00bbtrue\u00bb padding_top=\u00bb90&#8243; padding_bottom=\u00bb90&#8243; animation=\u00bbbottom-to-top\u00bb sidebar=\u00bbsidebar-1&#8243;][vc_column][mk_fancy_title tag_name=\u00bbh1&#8243; color=\u00bb#ffffff\u00bb size=\u00bb60&#8243; force_font_size=\u00bbtrue\u00bb size_smallscreen=\u00bb60&#8243; size_tablet=\u00bb60&#8243; size_phone=\u00bb40&#8243; font_weight=\u00bb100&#8243; txt_transform=\u00bbuppercase\u00bb margin_bottom=\u00bb0&#8243; font_family=\u00bbnone\u00bb align=\u00bbcenter\u00bb]Sistemas de Diluci\u00f3n por Batch[\/mk_fancy_title][\/vc_column][\/mk_page_section][vc_row][vc_column][mk_padding_divider size=\u00bb80&#8243;][\/vc_column][\/vc_row][vc_row][vc_column width=\u00bb1\/4&#8243;][vc_wp_custommenu nav_menu=\u00bb90&#8243; el_class=\u00bbleftmenu\u00bb][\/vc_column][vc_column width=\u00bb3\/4&#8243;][vc_basic_grid post_type=\u00bbpost\u00bb max_items=\u00bb-1&#8243; style=\u00bblazy\u00bb element_width=\u00bb6&#8243; order=\u00bbASC\u00bb item=\u00bb1270&#8243; initial_loading_animation=\u00bbnone\u00bb grid_id=\u00bbvc_gid:1574770319674-1e0551ee-60da-5&#8243; taxonomies=\u00bb52&#8243;][\/vc_column][\/vc_row][vc_row][vc_column][mk_padding_divider size=\u00bb80&#8243; visibility=\u00bbhidden-sm\u00bb][mk_padding_divider size=\u00bb30&#8243; visibility=\u00bbvisible-sm\u00bb][\/vc_column][\/vc_row]\n<\/div>","protected":false},"excerpt":{"rendered":"<p>[mk_page_section bg_image=\u00bbhttps:\/\/www.kozegho.com\/wp-content\/uploads\/2017\/12\/img_4860-cpia-1.jpg\u00bb blend_mode=\u00bbluminosity\u00bb bg_position=\u00bbcenter top\u00bb bg_repeat=\u00bbno-repeat\u00bb bg_stretch=\u00bbtrue\u00bb enable_3d=\u00bbtrue\u00bb speed_factor=\u00bb0.6&#8243; video_opacity=\u00bb1&#8243; min_height=\u00bb260&#8243; full_width=\u00bbtrue\u00bb padding_top=\u00bb90&#8243; padding_bottom=\u00bb90&#8243; animation=\u00bbbottom-to-top\u00bb sidebar=\u00bbsidebar-1&#8243;][vc_column][mk_fancy_title tag_name=\u00bbh1&#8243; color=\u00bb#ffffff\u00bb size=\u00bb60&#8243; [&hellip;]<\/p>\n","protected":false},"author":23,"featured_media":0,"parent":0,"menu_order":0,"comment_status":"closed","ping_status":"closed","template":"","meta":{"_acf_changed":false,"rs_blank_template":"","rs_page_bg_color":"","slide_template_v7":"","footnotes":""},"class_list":["post-2564","page","type-page","status-publish","hentry"],"acf":[],"yoast_head":"<!-- This site is optimized with the Yoast SEO plugin v27.4 - https:\/\/yoast.com\/product\/yoast-seo-wordpress\/ -->\n<title>Sistemas de Diluci\u00f3n por Batch | Kozegho<\/title>\n<meta name=\"description\" content=\"Sistemas de diluci\u00f3n en agua de productos en polvo o productos l\u00edquidos. Sistemas completos ideales para procesos de diluci\u00f3n por batch\" \/>\n<meta name=\"robots\" content=\"index, follow, max-snippet:-1, max-image-preview:large, max-video-preview:-1\" \/>\n<link rel=\"canonical\" href=\"https:\/\/www.kozegho.com\/es\/lista-de-sistemas-de-dilucion-por-batch\/\" \/>\n<meta property=\"og:locale\" content=\"es_ES\" \/>\n<meta property=\"og:type\" content=\"article\" \/>\n<meta property=\"og:title\" content=\"Sistemas de Diluci\u00f3n por Batch | Kozegho\" \/>\n<meta property=\"og:description\" content=\"Sistemas de diluci\u00f3n en agua de productos en polvo o productos l\u00edquidos. Sistemas completos ideales para procesos de diluci\u00f3n por batch\" \/>\n<meta property=\"og:url\" content=\"https:\/\/www.kozegho.com\/es\/lista-de-sistemas-de-dilucion-por-batch\/\" \/>\n<meta property=\"og:site_name\" content=\"Kozegho\" \/>\n<meta property=\"article:modified_time\" content=\"2020-04-28T10:39:38+00:00\" \/>\n<meta name=\"twitter:card\" content=\"summary_large_image\" \/>\n<meta name=\"twitter:label1\" content=\"Tiempo de lectura\" \/>\n\t<meta name=\"twitter:data1\" content=\"1 minuto\" \/>\n<script type=\"application\/ld+json\" class=\"yoast-schema-graph\">{\"@context\":\"https:\\\/\\\/schema.org\",\"@graph\":[{\"@type\":\"WebPage\",\"@id\":\"https:\\\/\\\/www.kozegho.com\\\/es\\\/lista-de-sistemas-de-dilucion-por-batch\\\/\",\"url\":\"https:\\\/\\\/www.kozegho.com\\\/es\\\/lista-de-sistemas-de-dilucion-por-batch\\\/\",\"name\":\"Sistemas de Diluci\u00f3n por Batch | Kozegho\",\"isPartOf\":{\"@id\":\"https:\\\/\\\/www.kozegho.com\\\/#website\"},\"datePublished\":\"2017-11-17T17:34:50+00:00\",\"dateModified\":\"2020-04-28T10:39:38+00:00\",\"description\":\"Sistemas de diluci\u00f3n en agua de productos en polvo o productos l\u00edquidos. Sistemas completos ideales para procesos de diluci\u00f3n por batch\",\"breadcrumb\":{\"@id\":\"https:\\\/\\\/www.kozegho.com\\\/es\\\/lista-de-sistemas-de-dilucion-por-batch\\\/#breadcrumb\"},\"inLanguage\":\"es\",\"potentialAction\":[{\"@type\":\"ReadAction\",\"target\":[\"https:\\\/\\\/www.kozegho.com\\\/es\\\/lista-de-sistemas-de-dilucion-por-batch\\\/\"]}]},{\"@type\":\"BreadcrumbList\",\"@id\":\"https:\\\/\\\/www.kozegho.com\\\/es\\\/lista-de-sistemas-de-dilucion-por-batch\\\/#breadcrumb\",\"itemListElement\":[{\"@type\":\"ListItem\",\"position\":1,\"name\":\"Home\",\"item\":\"https:\\\/\\\/www.kozegho.com\\\/es\\\/\"},{\"@type\":\"ListItem\",\"position\":2,\"name\":\"Sistemas de Diluci\u00f3n por Batch\"}]},{\"@type\":\"WebSite\",\"@id\":\"https:\\\/\\\/www.kozegho.com\\\/#website\",\"url\":\"https:\\\/\\\/www.kozegho.com\\\/\",\"name\":\"Kozegho\",\"description\":\"Dosing Systems\",\"publisher\":{\"@id\":\"https:\\\/\\\/www.kozegho.com\\\/#organization\"},\"potentialAction\":[{\"@type\":\"SearchAction\",\"target\":{\"@type\":\"EntryPoint\",\"urlTemplate\":\"https:\\\/\\\/www.kozegho.com\\\/?s={search_term_string}\"},\"query-input\":{\"@type\":\"PropertyValueSpecification\",\"valueRequired\":true,\"valueName\":\"search_term_string\"}}],\"inLanguage\":\"es\"},{\"@type\":\"Organization\",\"@id\":\"https:\\\/\\\/www.kozegho.com\\\/#organization\",\"name\":\"Kozegho\",\"url\":\"https:\\\/\\\/www.kozegho.com\\\/\",\"logo\":{\"@type\":\"ImageObject\",\"inLanguage\":\"es\",\"@id\":\"https:\\\/\\\/www.kozegho.com\\\/#\\\/schema\\\/logo\\\/image\\\/\",\"url\":\"https:\\\/\\\/www.kozegho.com\\\/wp-content\\\/uploads\\\/2017\\\/07\\\/logo.png\",\"contentUrl\":\"https:\\\/\\\/www.kozegho.com\\\/wp-content\\\/uploads\\\/2017\\\/07\\\/logo.png\",\"width\":200,\"height\":67,\"caption\":\"Kozegho\"},\"image\":{\"@id\":\"https:\\\/\\\/www.kozegho.com\\\/#\\\/schema\\\/logo\\\/image\\\/\"}}]}<\/script>\n<!-- \/ Yoast SEO plugin. -->","yoast_head_json":{"title":"Sistemas de Diluci\u00f3n por Batch | Kozegho","description":"Sistemas de diluci\u00f3n en agua de productos en polvo o productos l\u00edquidos. Sistemas completos ideales para procesos de diluci\u00f3n por batch","robots":{"index":"index","follow":"follow","max-snippet":"max-snippet:-1","max-image-preview":"max-image-preview:large","max-video-preview":"max-video-preview:-1"},"canonical":"https:\/\/www.kozegho.com\/es\/lista-de-sistemas-de-dilucion-por-batch\/","og_locale":"es_ES","og_type":"article","og_title":"Sistemas de Diluci\u00f3n por Batch | Kozegho","og_description":"Sistemas de diluci\u00f3n en agua de productos en polvo o productos l\u00edquidos. Sistemas completos ideales para procesos de diluci\u00f3n por batch","og_url":"https:\/\/www.kozegho.com\/es\/lista-de-sistemas-de-dilucion-por-batch\/","og_site_name":"Kozegho","article_modified_time":"2020-04-28T10:39:38+00:00","twitter_card":"summary_large_image","twitter_misc":{"Tiempo de lectura":"1 minuto"},"schema":{"@context":"https:\/\/schema.org","@graph":[{"@type":"WebPage","@id":"https:\/\/www.kozegho.com\/es\/lista-de-sistemas-de-dilucion-por-batch\/","url":"https:\/\/www.kozegho.com\/es\/lista-de-sistemas-de-dilucion-por-batch\/","name":"Sistemas de Diluci\u00f3n por Batch | Kozegho","isPartOf":{"@id":"https:\/\/www.kozegho.com\/#website"},"datePublished":"2017-11-17T17:34:50+00:00","dateModified":"2020-04-28T10:39:38+00:00","description":"Sistemas de diluci\u00f3n en agua de productos en polvo o productos l\u00edquidos. Sistemas completos ideales para procesos de diluci\u00f3n por batch","breadcrumb":{"@id":"https:\/\/www.kozegho.com\/es\/lista-de-sistemas-de-dilucion-por-batch\/#breadcrumb"},"inLanguage":"es","potentialAction":[{"@type":"ReadAction","target":["https:\/\/www.kozegho.com\/es\/lista-de-sistemas-de-dilucion-por-batch\/"]}]},{"@type":"BreadcrumbList","@id":"https:\/\/www.kozegho.com\/es\/lista-de-sistemas-de-dilucion-por-batch\/#breadcrumb","itemListElement":[{"@type":"ListItem","position":1,"name":"Home","item":"https:\/\/www.kozegho.com\/es\/"},{"@type":"ListItem","position":2,"name":"Sistemas de Diluci\u00f3n por Batch"}]},{"@type":"WebSite","@id":"https:\/\/www.kozegho.com\/#website","url":"https:\/\/www.kozegho.com\/","name":"Kozegho","description":"Dosing Systems","publisher":{"@id":"https:\/\/www.kozegho.com\/#organization"},"potentialAction":[{"@type":"SearchAction","target":{"@type":"EntryPoint","urlTemplate":"https:\/\/www.kozegho.com\/?s={search_term_string}"},"query-input":{"@type":"PropertyValueSpecification","valueRequired":true,"valueName":"search_term_string"}}],"inLanguage":"es"},{"@type":"Organization","@id":"https:\/\/www.kozegho.com\/#organization","name":"Kozegho","url":"https:\/\/www.kozegho.com\/","logo":{"@type":"ImageObject","inLanguage":"es","@id":"https:\/\/www.kozegho.com\/#\/schema\/logo\/image\/","url":"https:\/\/www.kozegho.com\/wp-content\/uploads\/2017\/07\/logo.png","contentUrl":"https:\/\/www.kozegho.com\/wp-content\/uploads\/2017\/07\/logo.png","width":200,"height":67,"caption":"Kozegho"},"image":{"@id":"https:\/\/www.kozegho.com\/#\/schema\/logo\/image\/"}}]}},"_links":{"self":[{"href":"https:\/\/www.kozegho.com\/es\/wp-json\/wp\/v2\/pages\/2564","targetHints":{"allow":["GET"]}}],"collection":[{"href":"https:\/\/www.kozegho.com\/es\/wp-json\/wp\/v2\/pages"}],"about":[{"href":"https:\/\/www.kozegho.com\/es\/wp-json\/wp\/v2\/types\/page"}],"author":[{"embeddable":true,"href":"https:\/\/www.kozegho.com\/es\/wp-json\/wp\/v2\/users\/23"}],"replies":[{"embeddable":true,"href":"https:\/\/www.kozegho.com\/es\/wp-json\/wp\/v2\/comments?post=2564"}],"version-history":[{"count":0,"href":"https:\/\/www.kozegho.com\/es\/wp-json\/wp\/v2\/pages\/2564\/revisions"}],"wp:attachment":[{"href":"https:\/\/www.kozegho.com\/es\/wp-json\/wp\/v2\/media?parent=2564"}],"curies":[{"name":"wp","href":"https:\/\/api.w.org\/{rel}","templated":true}]}}