{"id":1800,"date":"2017-12-21T12:53:20","date_gmt":"2017-12-21T12:53:20","guid":{"rendered":"http:\/\/www.kozegho.com\/contacts\/"},"modified":"2023-08-25T11:44:52","modified_gmt":"2023-08-25T11:44:52","slug":"contactos","status":"publish","type":"page","link":"https:\/\/www.kozegho.com\/es\/contactos\/","title":{"rendered":"Contactos"},"content":{"rendered":"<div class=\"wpb-content-wrapper\">[mk_page_section bg_image=\u00bbhttps:\/\/www.kozegho.com\/wp-content\/uploads\/2017\/08\/mapa_kozegho.jpg\u00bb blend_mode=\u00bbluminosity\u00bb bg_position=\u00bbcenter top\u00bb bg_repeat=\u00bbno-repeat\u00bb bg_stretch=\u00bbtrue\u00bb enable_3d=\u00bbtrue\u00bb speed_factor=\u00bb0.6&#8243; video_opacity=\u00bb1&#8243; min_height=\u00bb260&#8243; full_width=\u00bbtrue\u00bb padding_top=\u00bb90&#8243; padding_bottom=\u00bb90&#8243; top_shape_color=\u00bb#ffffff\u00bb bottom_shape_color=\u00bb#ffffff\u00bb animation=\u00bbbottom-to-top\u00bb sidebar=\u00bbsidebar-1&#8243;][vc_column][mk_fancy_title tag_name=\u00bbh1&#8243; color=\u00bb#ffffff\u00bb size=\u00bb60&#8243; force_font_size=\u00bbtrue\u00bb size_smallscreen=\u00bb60&#8243; size_tablet=\u00bb60&#8243; size_phone=\u00bb40&#8243; font_weight=\u00bb100&#8243; txt_transform=\u00bbuppercase\u00bb margin_bottom=\u00bb0&#8243; font_family=\u00bbnone\u00bb align=\u00bbcenter\u00bb]CONTACTOS[\/mk_fancy_title][\/vc_column][\/mk_page_section][vc_row][vc_column][mk_padding_divider size=\u00bb80&#8243;][\/vc_column][\/vc_row][vc_row][vc_column width=\u00bb1\/2&#8243;][mk_fancy_title color=\u00bb#666666&#8243; size=\u00bb25&#8243; font_weight=\u00bbbold\u00bb txt_transform=\u00bbuppercase\u00bb margin_bottom=\u00bb5&#8243; font_family=\u00bbnone\u00bb]\n<p>INFORMACI\u00d3N DE CONTACTO<\/p>\n[\/mk_fancy_title][mk_divider style=\u00bbthin_solid\u00bb divider_width=\u00bbcustom_width\u00bb custom_width=\u00bb59&#8243; align=\u00bbleft\u00bb thin_single_color=\u00bb#f6f163&#8243; thickness=\u00bb3&#8243; margin_top=\u00bb0&#8243;][mk_contact_info phone=\u00bb+351 210 520 717&#8243; address=\u00bbLargo Fernando Vicente, Armaz\u00e9m 3 2560-232 Pa\u00fal &#8211; Torres Vedras PORTUGAL\u00bb][mk_contact_info email=\u00bbkozegho@kozegho.com\u00bb person=\u00bbGeneral Information\u00bb][vc_cta h2=\u00bb\u00bb add_button=\u00bbbottom\u00bb btn_title=\u00bbDescargar\u00bb btn_style=\u00bbclassic\u00bb btn_shape=\u00bbsquare\u00bb btn_color=\u00bbsuccess\u00bb btn_link=\u00bburl:http%3A%2F%2Fwww.kozegho.com%2Fwp-content%2Fuploads%2F2018%2F04%2Fkozegho_folheto-a4_2018.pdf||target:%20_blank|\u00bb btn_el_class=\u00bbkozegho-button\u00bb]Descargar Kozegho Presentation[\/vc_cta][\/vc_column][vc_column width=\u00bb1\/2&#8243;][mk_fancy_title color=\u00bb#666666&#8243; size=\u00bb25&#8243; font_weight=\u00bbbold\u00bb txt_transform=\u00bbuppercase\u00bb margin_bottom=\u00bb5&#8243; font_family=\u00bbnone\u00bb]\n<p>ENV\u00cdENOS UN MENSAJE<\/p>\n[\/mk_fancy_title][mk_divider style=\u00bbthin_solid\u00bb divider_width=\u00bbcustom_width\u00bb custom_width=\u00bb59&#8243; align=\u00bbleft\u00bb thin_single_color=\u00bb#f6f163&#8243; thickness=\u00bb3&#8243; margin_top=\u00bb0&#8243;][mk_contact_form style=\u00bbcorporate\u00bb button_color=\u00bb#3fae2a\u00bb button_font_color=\u00bb#ffffff\u00bb captcha=\u00bbfalse\u00bb][\/vc_column][\/vc_row][vc_row fullwidth=\u00bbtrue\u00bb][vc_column][mk_advanced_gmaps latitude=\u00bb39.100617&#8243; longitude=\u00bb-9.286302&#8243; address=\u00bbLargo Fernando Vicente, Armaz\u00e9m 3 2560-232 Pa\u00fal &#8211; Torres Vedras PORTUGAL\u00bb content_bg_color=\u00bb#ffffff\u00bb content_font_color=\u00bb#777777&#8243; height=\u00bb400&#8243;][\/vc_column][\/vc_row]\n<\/div>","protected":false},"excerpt":{"rendered":"<p>[mk_page_section bg_image=\u00bbhttps:\/\/www.kozegho.com\/wp-content\/uploads\/2017\/08\/mapa_kozegho.jpg\u00bb blend_mode=\u00bbluminosity\u00bb bg_position=\u00bbcenter top\u00bb bg_repeat=\u00bbno-repeat\u00bb bg_stretch=\u00bbtrue\u00bb enable_3d=\u00bbtrue\u00bb speed_factor=\u00bb0.6&#8243; video_opacity=\u00bb1&#8243; min_height=\u00bb260&#8243; full_width=\u00bbtrue\u00bb padding_top=\u00bb90&#8243; padding_bottom=\u00bb90&#8243; top_shape_color=\u00bb#ffffff\u00bb bottom_shape_color=\u00bb#ffffff\u00bb animation=\u00bbbottom-to-top\u00bb sidebar=\u00bbsidebar-1&#8243;][vc_column][mk_fancy_title tag_name=\u00bbh1&#8243; [&hellip;]<\/p>\n","protected":false},"author":23,"featured_media":0,"parent":0,"menu_order":0,"comment_status":"closed","ping_status":"closed","template":"","meta":{"_acf_changed":false,"rs_blank_template":"","rs_page_bg_color":"","slide_template_v7":"","footnotes":""},"class_list":["post-1800","page","type-page","status-publish","hentry"],"acf":[],"yoast_head":"<!-- This site is optimized with the Yoast SEO plugin v27.4 - https:\/\/yoast.com\/product\/yoast-seo-wordpress\/ -->\n<title>Contactos | Kozegho<\/title>\n<meta name=\"description\" content=\"Descubra d\u00f3nde estamos y cont\u00e1ctenos. Por tel\u00e9fono o correo electr\u00f3nico\" \/>\n<meta name=\"robots\" content=\"index, follow, max-snippet:-1, max-image-preview:large, max-video-preview:-1\" \/>\n<link rel=\"canonical\" href=\"https:\/\/www.kozegho.com\/es\/contactos\/\" \/>\n<meta property=\"og:locale\" content=\"es_ES\" \/>\n<meta property=\"og:type\" content=\"article\" \/>\n<meta property=\"og:title\" content=\"Contactos | Kozegho\" \/>\n<meta property=\"og:description\" content=\"Descubra d\u00f3nde estamos y cont\u00e1ctenos. Por tel\u00e9fono o correo electr\u00f3nico\" \/>\n<meta property=\"og:url\" content=\"https:\/\/www.kozegho.com\/es\/contactos\/\" \/>\n<meta property=\"og:site_name\" content=\"Kozegho\" \/>\n<meta property=\"article:modified_time\" content=\"2023-08-25T11:44:52+00:00\" \/>\n<meta name=\"twitter:card\" content=\"summary_large_image\" \/>\n<meta name=\"twitter:label1\" content=\"Tiempo de lectura\" \/>\n\t<meta name=\"twitter:data1\" content=\"1 minuto\" \/>\n<script type=\"application\/ld+json\" class=\"yoast-schema-graph\">{\"@context\":\"https:\\\/\\\/schema.org\",\"@graph\":[{\"@type\":\"WebPage\",\"@id\":\"https:\\\/\\\/www.kozegho.com\\\/es\\\/contactos\\\/\",\"url\":\"https:\\\/\\\/www.kozegho.com\\\/es\\\/contactos\\\/\",\"name\":\"Contactos | Kozegho\",\"isPartOf\":{\"@id\":\"https:\\\/\\\/www.kozegho.com\\\/#website\"},\"datePublished\":\"2017-12-21T12:53:20+00:00\",\"dateModified\":\"2023-08-25T11:44:52+00:00\",\"description\":\"Descubra d\u00f3nde estamos y cont\u00e1ctenos. Por tel\u00e9fono o correo electr\u00f3nico\",\"breadcrumb\":{\"@id\":\"https:\\\/\\\/www.kozegho.com\\\/es\\\/contactos\\\/#breadcrumb\"},\"inLanguage\":\"es\",\"potentialAction\":[{\"@type\":\"ReadAction\",\"target\":[\"https:\\\/\\\/www.kozegho.com\\\/es\\\/contactos\\\/\"]}]},{\"@type\":\"BreadcrumbList\",\"@id\":\"https:\\\/\\\/www.kozegho.com\\\/es\\\/contactos\\\/#breadcrumb\",\"itemListElement\":[{\"@type\":\"ListItem\",\"position\":1,\"name\":\"Home\",\"item\":\"https:\\\/\\\/www.kozegho.com\\\/es\\\/\"},{\"@type\":\"ListItem\",\"position\":2,\"name\":\"Contactos\"}]},{\"@type\":\"WebSite\",\"@id\":\"https:\\\/\\\/www.kozegho.com\\\/#website\",\"url\":\"https:\\\/\\\/www.kozegho.com\\\/\",\"name\":\"Kozegho\",\"description\":\"Dosing Systems\",\"publisher\":{\"@id\":\"https:\\\/\\\/www.kozegho.com\\\/#organization\"},\"potentialAction\":[{\"@type\":\"SearchAction\",\"target\":{\"@type\":\"EntryPoint\",\"urlTemplate\":\"https:\\\/\\\/www.kozegho.com\\\/?s={search_term_string}\"},\"query-input\":{\"@type\":\"PropertyValueSpecification\",\"valueRequired\":true,\"valueName\":\"search_term_string\"}}],\"inLanguage\":\"es\"},{\"@type\":\"Organization\",\"@id\":\"https:\\\/\\\/www.kozegho.com\\\/#organization\",\"name\":\"Kozegho\",\"url\":\"https:\\\/\\\/www.kozegho.com\\\/\",\"logo\":{\"@type\":\"ImageObject\",\"inLanguage\":\"es\",\"@id\":\"https:\\\/\\\/www.kozegho.com\\\/#\\\/schema\\\/logo\\\/image\\\/\",\"url\":\"https:\\\/\\\/www.kozegho.com\\\/wp-content\\\/uploads\\\/2017\\\/07\\\/logo.png\",\"contentUrl\":\"https:\\\/\\\/www.kozegho.com\\\/wp-content\\\/uploads\\\/2017\\\/07\\\/logo.png\",\"width\":200,\"height\":67,\"caption\":\"Kozegho\"},\"image\":{\"@id\":\"https:\\\/\\\/www.kozegho.com\\\/#\\\/schema\\\/logo\\\/image\\\/\"}}]}<\/script>\n<!-- \/ Yoast SEO plugin. -->","yoast_head_json":{"title":"Contactos | Kozegho","description":"Descubra d\u00f3nde estamos y cont\u00e1ctenos. Por tel\u00e9fono o correo electr\u00f3nico","robots":{"index":"index","follow":"follow","max-snippet":"max-snippet:-1","max-image-preview":"max-image-preview:large","max-video-preview":"max-video-preview:-1"},"canonical":"https:\/\/www.kozegho.com\/es\/contactos\/","og_locale":"es_ES","og_type":"article","og_title":"Contactos | Kozegho","og_description":"Descubra d\u00f3nde estamos y cont\u00e1ctenos. Por tel\u00e9fono o correo electr\u00f3nico","og_url":"https:\/\/www.kozegho.com\/es\/contactos\/","og_site_name":"Kozegho","article_modified_time":"2023-08-25T11:44:52+00:00","twitter_card":"summary_large_image","twitter_misc":{"Tiempo de lectura":"1 minuto"},"schema":{"@context":"https:\/\/schema.org","@graph":[{"@type":"WebPage","@id":"https:\/\/www.kozegho.com\/es\/contactos\/","url":"https:\/\/www.kozegho.com\/es\/contactos\/","name":"Contactos | Kozegho","isPartOf":{"@id":"https:\/\/www.kozegho.com\/#website"},"datePublished":"2017-12-21T12:53:20+00:00","dateModified":"2023-08-25T11:44:52+00:00","description":"Descubra d\u00f3nde estamos y cont\u00e1ctenos. Por tel\u00e9fono o correo electr\u00f3nico","breadcrumb":{"@id":"https:\/\/www.kozegho.com\/es\/contactos\/#breadcrumb"},"inLanguage":"es","potentialAction":[{"@type":"ReadAction","target":["https:\/\/www.kozegho.com\/es\/contactos\/"]}]},{"@type":"BreadcrumbList","@id":"https:\/\/www.kozegho.com\/es\/contactos\/#breadcrumb","itemListElement":[{"@type":"ListItem","position":1,"name":"Home","item":"https:\/\/www.kozegho.com\/es\/"},{"@type":"ListItem","position":2,"name":"Contactos"}]},{"@type":"WebSite","@id":"https:\/\/www.kozegho.com\/#website","url":"https:\/\/www.kozegho.com\/","name":"Kozegho","description":"Dosing Systems","publisher":{"@id":"https:\/\/www.kozegho.com\/#organization"},"potentialAction":[{"@type":"SearchAction","target":{"@type":"EntryPoint","urlTemplate":"https:\/\/www.kozegho.com\/?s={search_term_string}"},"query-input":{"@type":"PropertyValueSpecification","valueRequired":true,"valueName":"search_term_string"}}],"inLanguage":"es"},{"@type":"Organization","@id":"https:\/\/www.kozegho.com\/#organization","name":"Kozegho","url":"https:\/\/www.kozegho.com\/","logo":{"@type":"ImageObject","inLanguage":"es","@id":"https:\/\/www.kozegho.com\/#\/schema\/logo\/image\/","url":"https:\/\/www.kozegho.com\/wp-content\/uploads\/2017\/07\/logo.png","contentUrl":"https:\/\/www.kozegho.com\/wp-content\/uploads\/2017\/07\/logo.png","width":200,"height":67,"caption":"Kozegho"},"image":{"@id":"https:\/\/www.kozegho.com\/#\/schema\/logo\/image\/"}}]}},"_links":{"self":[{"href":"https:\/\/www.kozegho.com\/es\/wp-json\/wp\/v2\/pages\/1800","targetHints":{"allow":["GET"]}}],"collection":[{"href":"https:\/\/www.kozegho.com\/es\/wp-json\/wp\/v2\/pages"}],"about":[{"href":"https:\/\/www.kozegho.com\/es\/wp-json\/wp\/v2\/types\/page"}],"author":[{"embeddable":true,"href":"https:\/\/www.kozegho.com\/es\/wp-json\/wp\/v2\/users\/23"}],"replies":[{"embeddable":true,"href":"https:\/\/www.kozegho.com\/es\/wp-json\/wp\/v2\/comments?post=1800"}],"version-history":[{"count":2,"href":"https:\/\/www.kozegho.com\/es\/wp-json\/wp\/v2\/pages\/1800\/revisions"}],"predecessor-version":[{"id":19876,"href":"https:\/\/www.kozegho.com\/es\/wp-json\/wp\/v2\/pages\/1800\/revisions\/19876"}],"wp:attachment":[{"href":"https:\/\/www.kozegho.com\/es\/wp-json\/wp\/v2\/media?parent=1800"}],"curies":[{"name":"wp","href":"https:\/\/api.w.org\/{rel}","templated":true}]}}