{"id":1776,"date":"2017-08-22T10:52:08","date_gmt":"2017-08-22T10:52:08","guid":{"rendered":"http:\/\/www.kozegho.com\/home-2\/"},"modified":"2020-04-23T16:10:34","modified_gmt":"2020-04-23T16:10:34","slug":"home-2","status":"publish","type":"page","link":"https:\/\/www.kozegho.com\/es\/","title":{"rendered":"P\u00e1gina de inicio"},"content":{"rendered":"<div class=\"wpb-content-wrapper\">[vc_row fullwidth=\u00bbtrue\u00bb][vc_column][rev_slider_vc alias=\u00bbhome-page-01&#8243; el_class=\u00bbslider-si\u00bb][\/vc_column][\/vc_row][vc_row fullwidth=\u00bbtrue\u00bb fullwidth_content=\u00bbfalse\u00bb css=\u00bb.vc_custom_1449157075132{background-color: #fcfcfc !important;}\u00bb][vc_column][mk_padding_divider size=\u00bb80&#8243;][mk_fancy_title tag_name=\u00bbh1&#8243; size=\u00bb40&#8243; font_weight=\u00bb200&#8243; margin_bottom=\u00bb5&#8243; font_family=\u00bbnone\u00bb align=\u00bbcenter\u00bb]KOZEGHO DOSING <strong>SYSTEMS<\/strong>[\/mk_fancy_title][vc_column_text]\n<p style=\"text-align: center;\">En la Kozegho\u00a0cada solicitud es \u00fanico, nos comprometemos nuestros socios en todas las fases del proceso de producci\u00f3n<\/p>\n[\/vc_column_text][mk_divider style=\u00bbthin_solid\u00bb divider_width=\u00bbcustom_width\u00bb custom_width=\u00bb86&#8243; thickness=\u00bb5&#8243; margin_top=\u00bb0&#8243;][vc_column_text disable_pattern=\u00bbfalse\u00bb align=\u00bbcenter\u00bb el_class=\u00bbh2-to-paragrapah\u00bb]\n<h2>\u2022 AGITATION \u2022 STORAGE TANKS \u2022 PREPARATION TANKS \u2022 POLYELECTROLYTE PREPARATION SYSTEMS<br \/>\n\u2022 DOSING SYSTEMS \u2022 PREPARATION SYSTEMS\u00a0\u2022 MEASURING AND CONTROL SYSTEMS<\/h2>\n[\/vc_column_text][mk_padding_divider size=\u00bb60&#8243; visibility=\u00bbhidden-sm\u00bb][mk_padding_divider size=\u00bb60&#8243; visibility=\u00bbhidden-sm\u00bb][\/vc_column][\/vc_row]\n<\/div>","protected":false},"excerpt":{"rendered":"<p>[vc_row fullwidth=\u00bbtrue\u00bb][vc_column][rev_slider_vc alias=\u00bbhome-page-01&#8243; el_class=\u00bbslider-si\u00bb][\/vc_column][\/vc_row][vc_row fullwidth=\u00bbtrue\u00bb fullwidth_content=\u00bbfalse\u00bb css=\u00bb.vc_custom_1449157075132{background-color: #fcfcfc !important;}\u00bb][vc_column][mk_padding_divider size=\u00bb80&#8243;][mk_fancy_title tag_name=\u00bbh1&#8243; size=\u00bb40&#8243; font_weight=\u00bb200&#8243; margin_bottom=\u00bb5&#8243; font_family=\u00bbnone\u00bb align=\u00bbcenter\u00bb]KOZEGHO DOSING SYSTEMS[\/mk_fancy_title][vc_column_text] En [&hellip;]<\/p>\n","protected":false},"author":23,"featured_media":0,"parent":0,"menu_order":0,"comment_status":"closed","ping_status":"closed","template":"","meta":{"_acf_changed":false,"rs_blank_template":"","rs_page_bg_color":"","slide_template_v7":"","footnotes":""},"class_list":["post-1776","page","type-page","status-publish","hentry"],"acf":[],"yoast_head":"<!-- This site is optimized with the Yoast SEO plugin v27.5 - https:\/\/yoast.com\/product\/yoast-seo-wordpress\/ -->\n<title>Kozegho Dosing Systems<\/title>\n<meta name=\"description\" content=\"Soluciones completas para el almacenamiento, manipulaci\u00f3n y dosificaci\u00f3n de productos qu\u00edmicos. De Generador de Di\u00f3xido de Cloro, tanques, agitadores y otros productos\" \/>\n<meta name=\"robots\" content=\"index, follow, max-snippet:-1, max-image-preview:large, max-video-preview:-1\" \/>\n<link rel=\"canonical\" href=\"https:\/\/www.kozegho.com\/es\/\" \/>\n<meta property=\"og:locale\" content=\"es_ES\" \/>\n<meta property=\"og:type\" content=\"article\" \/>\n<meta property=\"og:title\" content=\"Kozegho Dosing Systems\" \/>\n<meta property=\"og:description\" content=\"Soluciones completas para el almacenamiento, manipulaci\u00f3n y dosificaci\u00f3n de productos qu\u00edmicos. De Generador de Di\u00f3xido de Cloro, tanques, agitadores y otros productos\" \/>\n<meta property=\"og:url\" content=\"https:\/\/www.kozegho.com\/es\/\" \/>\n<meta property=\"og:site_name\" content=\"Kozegho\" \/>\n<meta property=\"article:modified_time\" content=\"2020-04-23T16:10:34+00:00\" \/>\n<meta name=\"twitter:card\" content=\"summary_large_image\" \/>\n<meta name=\"twitter:label1\" content=\"Tiempo de lectura\" \/>\n\t<meta name=\"twitter:data1\" content=\"1 minuto\" \/>\n<script type=\"application\/ld+json\" class=\"yoast-schema-graph\">{\"@context\":\"https:\\\/\\\/schema.org\",\"@graph\":[{\"@type\":\"WebPage\",\"@id\":\"https:\\\/\\\/www.kozegho.com\\\/es\\\/\",\"url\":\"https:\\\/\\\/www.kozegho.com\\\/es\\\/\",\"name\":\"Kozegho Dosing Systems\",\"isPartOf\":{\"@id\":\"https:\\\/\\\/www.kozegho.com\\\/#website\"},\"datePublished\":\"2017-08-22T10:52:08+00:00\",\"dateModified\":\"2020-04-23T16:10:34+00:00\",\"description\":\"Soluciones completas para el almacenamiento, manipulaci\u00f3n y dosificaci\u00f3n de productos qu\u00edmicos. De Generador de Di\u00f3xido de Cloro, tanques, agitadores y otros productos\",\"breadcrumb\":{\"@id\":\"https:\\\/\\\/www.kozegho.com\\\/es\\\/#breadcrumb\"},\"inLanguage\":\"es\",\"potentialAction\":[{\"@type\":\"ReadAction\",\"target\":[\"https:\\\/\\\/www.kozegho.com\\\/es\\\/\"]}]},{\"@type\":\"BreadcrumbList\",\"@id\":\"https:\\\/\\\/www.kozegho.com\\\/es\\\/#breadcrumb\",\"itemListElement\":[{\"@type\":\"ListItem\",\"position\":1,\"name\":\"Home\",\"item\":\"https:\\\/\\\/www.kozegho.com\\\/es\\\/\"},{\"@type\":\"ListItem\",\"position\":2,\"name\":\"P\u00e1gina de inicio\"}]},{\"@type\":\"WebSite\",\"@id\":\"https:\\\/\\\/www.kozegho.com\\\/#website\",\"url\":\"https:\\\/\\\/www.kozegho.com\\\/\",\"name\":\"Kozegho\",\"description\":\"Dosing Systems\",\"publisher\":{\"@id\":\"https:\\\/\\\/www.kozegho.com\\\/#organization\"},\"potentialAction\":[{\"@type\":\"SearchAction\",\"target\":{\"@type\":\"EntryPoint\",\"urlTemplate\":\"https:\\\/\\\/www.kozegho.com\\\/?s={search_term_string}\"},\"query-input\":{\"@type\":\"PropertyValueSpecification\",\"valueRequired\":true,\"valueName\":\"search_term_string\"}}],\"inLanguage\":\"es\"},{\"@type\":\"Organization\",\"@id\":\"https:\\\/\\\/www.kozegho.com\\\/#organization\",\"name\":\"Kozegho\",\"url\":\"https:\\\/\\\/www.kozegho.com\\\/\",\"logo\":{\"@type\":\"ImageObject\",\"inLanguage\":\"es\",\"@id\":\"https:\\\/\\\/www.kozegho.com\\\/#\\\/schema\\\/logo\\\/image\\\/\",\"url\":\"https:\\\/\\\/www.kozegho.com\\\/wp-content\\\/uploads\\\/2017\\\/07\\\/logo.png\",\"contentUrl\":\"https:\\\/\\\/www.kozegho.com\\\/wp-content\\\/uploads\\\/2017\\\/07\\\/logo.png\",\"width\":200,\"height\":67,\"caption\":\"Kozegho\"},\"image\":{\"@id\":\"https:\\\/\\\/www.kozegho.com\\\/#\\\/schema\\\/logo\\\/image\\\/\"}}]}<\/script>\n<!-- \/ Yoast SEO plugin. -->","yoast_head_json":{"title":"Kozegho Dosing Systems","description":"Soluciones completas para el almacenamiento, manipulaci\u00f3n y dosificaci\u00f3n de productos qu\u00edmicos. De Generador de Di\u00f3xido de Cloro, tanques, agitadores y otros productos","robots":{"index":"index","follow":"follow","max-snippet":"max-snippet:-1","max-image-preview":"max-image-preview:large","max-video-preview":"max-video-preview:-1"},"canonical":"https:\/\/www.kozegho.com\/es\/","og_locale":"es_ES","og_type":"article","og_title":"Kozegho Dosing Systems","og_description":"Soluciones completas para el almacenamiento, manipulaci\u00f3n y dosificaci\u00f3n de productos qu\u00edmicos. De Generador de Di\u00f3xido de Cloro, tanques, agitadores y otros productos","og_url":"https:\/\/www.kozegho.com\/es\/","og_site_name":"Kozegho","article_modified_time":"2020-04-23T16:10:34+00:00","twitter_card":"summary_large_image","twitter_misc":{"Tiempo de lectura":"1 minuto"},"schema":{"@context":"https:\/\/schema.org","@graph":[{"@type":"WebPage","@id":"https:\/\/www.kozegho.com\/es\/","url":"https:\/\/www.kozegho.com\/es\/","name":"Kozegho Dosing Systems","isPartOf":{"@id":"https:\/\/www.kozegho.com\/#website"},"datePublished":"2017-08-22T10:52:08+00:00","dateModified":"2020-04-23T16:10:34+00:00","description":"Soluciones completas para el almacenamiento, manipulaci\u00f3n y dosificaci\u00f3n de productos qu\u00edmicos. De Generador de Di\u00f3xido de Cloro, tanques, agitadores y otros productos","breadcrumb":{"@id":"https:\/\/www.kozegho.com\/es\/#breadcrumb"},"inLanguage":"es","potentialAction":[{"@type":"ReadAction","target":["https:\/\/www.kozegho.com\/es\/"]}]},{"@type":"BreadcrumbList","@id":"https:\/\/www.kozegho.com\/es\/#breadcrumb","itemListElement":[{"@type":"ListItem","position":1,"name":"Home","item":"https:\/\/www.kozegho.com\/es\/"},{"@type":"ListItem","position":2,"name":"P\u00e1gina de inicio"}]},{"@type":"WebSite","@id":"https:\/\/www.kozegho.com\/#website","url":"https:\/\/www.kozegho.com\/","name":"Kozegho","description":"Dosing Systems","publisher":{"@id":"https:\/\/www.kozegho.com\/#organization"},"potentialAction":[{"@type":"SearchAction","target":{"@type":"EntryPoint","urlTemplate":"https:\/\/www.kozegho.com\/?s={search_term_string}"},"query-input":{"@type":"PropertyValueSpecification","valueRequired":true,"valueName":"search_term_string"}}],"inLanguage":"es"},{"@type":"Organization","@id":"https:\/\/www.kozegho.com\/#organization","name":"Kozegho","url":"https:\/\/www.kozegho.com\/","logo":{"@type":"ImageObject","inLanguage":"es","@id":"https:\/\/www.kozegho.com\/#\/schema\/logo\/image\/","url":"https:\/\/www.kozegho.com\/wp-content\/uploads\/2017\/07\/logo.png","contentUrl":"https:\/\/www.kozegho.com\/wp-content\/uploads\/2017\/07\/logo.png","width":200,"height":67,"caption":"Kozegho"},"image":{"@id":"https:\/\/www.kozegho.com\/#\/schema\/logo\/image\/"}}]}},"_links":{"self":[{"href":"https:\/\/www.kozegho.com\/es\/wp-json\/wp\/v2\/pages\/1776","targetHints":{"allow":["GET"]}}],"collection":[{"href":"https:\/\/www.kozegho.com\/es\/wp-json\/wp\/v2\/pages"}],"about":[{"href":"https:\/\/www.kozegho.com\/es\/wp-json\/wp\/v2\/types\/page"}],"author":[{"embeddable":true,"href":"https:\/\/www.kozegho.com\/es\/wp-json\/wp\/v2\/users\/23"}],"replies":[{"embeddable":true,"href":"https:\/\/www.kozegho.com\/es\/wp-json\/wp\/v2\/comments?post=1776"}],"version-history":[{"count":0,"href":"https:\/\/www.kozegho.com\/es\/wp-json\/wp\/v2\/pages\/1776\/revisions"}],"wp:attachment":[{"href":"https:\/\/www.kozegho.com\/es\/wp-json\/wp\/v2\/media?parent=1776"}],"curies":[{"name":"wp","href":"https:\/\/api.w.org\/{rel}","templated":true}]}}