{"id":1417,"date":"2017-08-22T11:38:05","date_gmt":"2017-08-22T11:38:05","guid":{"rendered":"http:\/\/www.kozegho.com\/about-us\/"},"modified":"2020-04-28T10:40:56","modified_gmt":"2020-04-28T10:40:56","slug":"sobre-nosotros","status":"publish","type":"page","link":"https:\/\/www.kozegho.com\/es\/sobre-nosotros\/","title":{"rendered":"Sobre nosotros"},"content":{"rendered":"<div class=\"wpb-content-wrapper\">[mk_page_section bg_image=\u00bbhttps:\/\/www.kozegho.com\/wp-content\/uploads\/2017\/08\/skid-kazanskaya_russia-company-gamma.jpg\u00bb blend_mode=\u00bbluminosity\u00bb bg_position=\u00bbcenter top\u00bb bg_repeat=\u00bbno-repeat\u00bb bg_stretch=\u00bbtrue\u00bb enable_3d=\u00bbtrue\u00bb speed_factor=\u00bb0.6&#8243; video_opacity=\u00bb1&#8243; min_height=\u00bb260&#8243; full_width=\u00bbtrue\u00bb padding_top=\u00bb90&#8243; padding_bottom=\u00bb90&#8243; top_shape_color=\u00bb#ffffff\u00bb bottom_shape_color=\u00bb#ffffff\u00bb animation=\u00bbbottom-to-top\u00bb sidebar=\u00bbsidebar-1&#8243;][vc_column][mk_padding_divider size=\u00bb60&#8243;][mk_fancy_title tag_name=\u00bbh1&#8243; color=\u00bb#ffffff\u00bb size=\u00bb60&#8243; force_font_size=\u00bbtrue\u00bb size_smallscreen=\u00bb60&#8243; size_tablet=\u00bb60&#8243; size_phone=\u00bb40&#8243; font_weight=\u00bb100&#8243; txt_transform=\u00bbuppercase\u00bb margin_bottom=\u00bb0&#8243; font_family=\u00bbnone\u00bb align=\u00bbcenter\u00bb]\n<p style=\"text-align: center;\">SOBRE NOSOTROS<\/p>\n[\/mk_fancy_title][mk_padding_divider size=\u00bb60&#8243;][\/vc_column][\/mk_page_section][vc_row][vc_column width=\u00bb1\/6&#8243;][\/vc_column][vc_column width=\u00bb2\/3&#8243;][mk_padding_divider][vc_video title=\u00bbKozegho\u00bb host=\u00bbself_hosted\u00bb mp4=\u00bbhttps:\/\/www.kozegho.com\/wp-content\/uploads\/2019\/11\/kozegho-final-export-2.mp4&#8243; poster_image=\u00bbhttps:\/\/www.kozegho.com\/wp-content\/uploads\/2017\/08\/capa.jpg\u00bb autoplay=\u00bbtrue\u00bb][mk_padding_divider size=\u00bb60&#8243;][\/vc_column][vc_column width=\u00bb1\/6&#8243;][\/vc_column][\/vc_row][vc_row][vc_column][mk_padding_divider][mk_fancy_title color=\u00bb#666666&#8243; size=\u00bb40&#8243; font_weight=\u00bb200&#8243; txt_transform=\u00bbuppercase\u00bb font_family=\u00bbnone\u00bb align=\u00bbcenter\u00bb]\n<p>Quienes <strong>somos<\/strong><\/p>\n[\/mk_fancy_title][mk_divider style=\u00bbthin_solid\u00bb divider_width=\u00bbcustom_width\u00bb custom_width=\u00bb86&#8243; thickness=\u00bb5&#8243; margin_top=\u00bb0&#8243;][vc_column_text]En KOZEGHO tenemos una equipa muy din\u00e1mica y dedicado con 20 a\u00f1os de experiencia en el campo, nuestro personal Incorpora todas las valencias requiere el proceso y ayuda a eliminar los errores de outsourcing y permiti\u00e9ndonos adaptar las soluciones est\u00e1ndar previamente estudiados y probados, a lo espec\u00edfico necesidades de cada proyecto.<\/p>\n<p>Instalado en un edificio industrial adaptada al proceso de fabricaci\u00f3n, KOZEGHO est\u00e1 equipado con tecnolog\u00edas de vanguardia como las estaciones de trabajo 3D de dise\u00f1o en SolidWorks y AutoCAD, molinos de corte CNC, m\u00e1quinas de soldadura autom\u00e1ticas y manuales de \u00faltima generaci\u00f3n, equipos de manipulaci\u00f3n de cargas y transporte, construcci\u00f3n, pruebas y diagn\u00f3stico de cuadros el\u00e9ctricos, programaci\u00f3n y pruebas de c\u00f3digo en situaci\u00f3n real del PLC. Tambi\u00e9n tenemos una estaci\u00f3n de prueba adaptada a cualquier equipo produjimos para que podamos minimizar los posibles errores de dise\u00f1o y de construcci\u00f3n incumplimientos eventuales.<\/p>\n<p>Assumindo un perfil de constructor de\u00a0soluciones completas \u00a0para el almacenamiento, manipulaci\u00f3n y dosificaci\u00f3n de productos qu\u00edmicos, KOZEGHO tiene parcerias locales que hacen la conexi\u00f3n entre los usuarios y la f\u00e1brica.<br \/>\nCon un concepto comercial m\u00e1s all\u00e1 del mero proveedor de equipos tenemos la intenci\u00f3n de construir relaciones de confianza y continuidad con todos nuestros clientes que comparten conocimientos, responsabilidad y experiencias mutuas con el fin de encontrar la relaci\u00f3n costo \/ beneficio \u00f3ptima para cada proyecto.<\/p>\n[\/vc_column_text][mk_padding_divider size=\u00bb60&#8243;][\/vc_column][\/vc_row][mk_page_section layout_structure=\u00bbhalf_left\u00bb bg_image=\u00bbhttps:\/\/www.kozegho.com\/wp-content\/uploads\/2017\/08\/dsc_0101-4.jpg\u00bb bg_color=\u00bb#73c167&#8243; padding_top=\u00bb60&#8243; padding_bottom=\u00bb60&#8243; top_shape_color=\u00bb#ffffff\u00bb bottom_shape_color=\u00bb#ffffff\u00bb el_class=\u00bbsi-ko-about\u00bb][vc_column][mk_fancy_title color=\u00bb#ffffff\u00bb size=\u00bb25&#8243; font_weight=\u00bbbold\u00bb txt_transform=\u00bbuppercase\u00bb margin_bottom=\u00bb5&#8243; font_family=\u00bbnone\u00bb]Kozegho\u00a0tiene una equipa muy din\u00e1mica y dedicado con 20 a\u00f1os de experiencia<\/p>\n<p>&nbsp;<\/p>\n[\/mk_fancy_title][vc_column_text]<span style=\"color: #ffffff;\">Cada proyecto pasa por una cuidadosa an\u00e1lisis por nuestro equipo de ventas con el fin de presentar la mejor oferta econ\u00f3mica, con vista la finalidad para la que se pretende, as\u00ed que maximiza la seguridad, funcionalidad y ergonom\u00eda de las soluciones siempre muestran el punto de vista del usuario final.<\/span><\/p>\n<p>&nbsp;<\/p>\n<p>&nbsp;<\/p>\n[\/vc_column_text][\/vc_column][\/mk_page_section][vc_row disable_element=\u00bbyes\u00bb el_class=\u00bbrows-mobile\u00bb][vc_column][\/vc_column][\/vc_row][mk_page_section layout_structure=\u00bbhalf_right\u00bb bg_image=\u00bbhttps:\/\/www.kozegho.com\/wp-content\/uploads\/2017\/08\/imagem-2.jpg\u00bb bg_color=\u00bb#ffffff\u00bb padding_top=\u00bb60&#8243; padding_bottom=\u00bb60&#8243; top_shape_color=\u00bb#ffffff\u00bb bottom_shape_color=\u00bb#ffffff\u00bb el_class=\u00bbsi-ko-about\u00bb][vc_column][vc_column_text]\n<p>La cada solicitud es \u00fanico, nos comprometemos nuestros socios en todas las fases del proceso de producci\u00f3n, y tiene tanto medios para proporcionar 3D como incorporado, diagrama de cableado individual de cada equipo para construir, cortar las piezas de dibujo en el fresado CNC, la programaci\u00f3n de PLC y realizar t\u00e9cnico documentaci\u00f3n dependiendo de las necesidades del usuario final.<\/p>\n<p>&nbsp;<\/p>\n[\/vc_column_text][\/vc_column][\/mk_page_section][vc_row disable_element=\u00bbyes\u00bb el_class=\u00bbrows-mobile\u00bb][vc_column][\/vc_column][\/vc_row][mk_page_section layout_structure=\u00bbhalf_left\u00bb bg_image=\u00bbhttps:\/\/www.kozegho.com\/wp-content\/uploads\/2017\/08\/imagem-3r_2.jpg\u00bb bg_color=\u00bb#73c167&#8243; padding_top=\u00bb60&#8243; padding_bottom=\u00bb60&#8243; top_shape_color=\u00bb#ffffff\u00bb bottom_shape_color=\u00bb#ffffff\u00bb el_class=\u00bbsi-ko-about\u00bb][vc_column][vc_column_text]\n<p>&nbsp;<\/p>\n<p><span style=\"color: #ffffff;\">Contamos con un amplio stock de materias primas y componentes para reducir al m\u00ednimo los tiempos de entrega y evitar los tiempos de espera en los casos de incumplimiento, con las garant\u00edas y repuestos.<\/span><\/p>\n<p>&nbsp;<\/p>\n<p>&nbsp;<\/p>\n<p>&nbsp;<\/p>\n[\/vc_column_text][\/vc_column][\/mk_page_section][vc_row disable_element=\u00bbyes\u00bb el_class=\u00bbrows-mobile\u00bb][vc_column][\/vc_column][\/vc_row][mk_page_section layout_structure=\u00bbhalf_right\u00bb bg_image=\u00bbhttps:\/\/www.kozegho.com\/wp-content\/uploads\/2017\/08\/imagem-4.jpg\u00bb bg_color=\u00bb#ffffff\u00bb padding_top=\u00bb60&#8243; padding_bottom=\u00bb60&#8243; top_shape_color=\u00bb#ffffff\u00bb bottom_shape_color=\u00bb#ffffff\u00bb el_class=\u00bbsi-ko-about\u00bb][vc_column][vc_column_text]\n<p>El proceso de producci\u00f3n comienza con la presentaci\u00f3n de modelo 3D, que conducen despu\u00e9s de la aprobaci\u00f3n individual, diagrama de cableado, piezas de dise\u00f1o de secci\u00f3n en el fresado CNC, programaci\u00f3n de PLC y la documentaci\u00f3n t\u00e9cnica en funci\u00f3n de las necesidades del usuario final.<\/p>\n<p>&nbsp;<\/p>\n[\/vc_column_text][\/vc_column][\/mk_page_section][vc_row disable_element=\u00bbyes\u00bb][vc_column][\/vc_column][\/vc_row]\n<\/div>","protected":false},"excerpt":{"rendered":"<p>[mk_page_section bg_image=\u00bbhttps:\/\/www.kozegho.com\/wp-content\/uploads\/2017\/08\/skid-kazanskaya_russia-company-gamma.jpg\u00bb blend_mode=\u00bbluminosity\u00bb bg_position=\u00bbcenter top\u00bb bg_repeat=\u00bbno-repeat\u00bb bg_stretch=\u00bbtrue\u00bb enable_3d=\u00bbtrue\u00bb speed_factor=\u00bb0.6&#8243; video_opacity=\u00bb1&#8243; min_height=\u00bb260&#8243; full_width=\u00bbtrue\u00bb padding_top=\u00bb90&#8243; padding_bottom=\u00bb90&#8243; top_shape_color=\u00bb#ffffff\u00bb bottom_shape_color=\u00bb#ffffff\u00bb animation=\u00bbbottom-to-top\u00bb sidebar=\u00bbsidebar-1&#8243;][vc_column][mk_padding_divider size=\u00bb60&#8243;][mk_fancy_title [&hellip;]<\/p>\n","protected":false},"author":23,"featured_media":0,"parent":0,"menu_order":0,"comment_status":"closed","ping_status":"closed","template":"","meta":{"_acf_changed":false,"rs_blank_template":"","rs_page_bg_color":"","slide_template_v7":"","footnotes":""},"class_list":["post-1417","page","type-page","status-publish","hentry"],"acf":[],"yoast_head":"<!-- This site is optimized with the Yoast SEO plugin v27.4 - https:\/\/yoast.com\/product\/yoast-seo-wordpress\/ -->\n<title>Sobre nosotros | Kozegho<\/title>\n<meta name=\"description\" content=\"En KOZEGHO tenemos una equipa muy din\u00e1mica y dedicado con 20 a\u00f1os de experiencia en el campo\" \/>\n<meta name=\"robots\" content=\"index, follow, max-snippet:-1, max-image-preview:large, max-video-preview:-1\" \/>\n<link rel=\"canonical\" href=\"https:\/\/www.kozegho.com\/es\/sobre-nosotros\/\" \/>\n<meta property=\"og:locale\" content=\"es_ES\" \/>\n<meta property=\"og:type\" content=\"article\" \/>\n<meta property=\"og:title\" content=\"Sobre nosotros | Kozegho\" \/>\n<meta property=\"og:description\" content=\"En KOZEGHO tenemos una equipa muy din\u00e1mica y dedicado con 20 a\u00f1os de experiencia en el campo\" \/>\n<meta property=\"og:url\" content=\"https:\/\/www.kozegho.com\/es\/sobre-nosotros\/\" \/>\n<meta property=\"og:site_name\" content=\"Kozegho\" \/>\n<meta property=\"article:modified_time\" content=\"2020-04-28T10:40:56+00:00\" \/>\n<meta name=\"twitter:card\" content=\"summary_large_image\" \/>\n<meta name=\"twitter:label1\" content=\"Tiempo de lectura\" \/>\n\t<meta name=\"twitter:data1\" content=\"5 minutos\" \/>\n<script type=\"application\/ld+json\" class=\"yoast-schema-graph\">{\"@context\":\"https:\\\/\\\/schema.org\",\"@graph\":[{\"@type\":\"WebPage\",\"@id\":\"https:\\\/\\\/www.kozegho.com\\\/es\\\/sobre-nosotros\\\/\",\"url\":\"https:\\\/\\\/www.kozegho.com\\\/es\\\/sobre-nosotros\\\/\",\"name\":\"Sobre nosotros | Kozegho\",\"isPartOf\":{\"@id\":\"https:\\\/\\\/www.kozegho.com\\\/#website\"},\"datePublished\":\"2017-08-22T11:38:05+00:00\",\"dateModified\":\"2020-04-28T10:40:56+00:00\",\"description\":\"En KOZEGHO tenemos una equipa muy din\u00e1mica y dedicado con 20 a\u00f1os de experiencia en el campo\",\"breadcrumb\":{\"@id\":\"https:\\\/\\\/www.kozegho.com\\\/es\\\/sobre-nosotros\\\/#breadcrumb\"},\"inLanguage\":\"es\",\"potentialAction\":[{\"@type\":\"ReadAction\",\"target\":[\"https:\\\/\\\/www.kozegho.com\\\/es\\\/sobre-nosotros\\\/\"]}]},{\"@type\":\"BreadcrumbList\",\"@id\":\"https:\\\/\\\/www.kozegho.com\\\/es\\\/sobre-nosotros\\\/#breadcrumb\",\"itemListElement\":[{\"@type\":\"ListItem\",\"position\":1,\"name\":\"Home\",\"item\":\"https:\\\/\\\/www.kozegho.com\\\/es\\\/\"},{\"@type\":\"ListItem\",\"position\":2,\"name\":\"Sobre nosotros\"}]},{\"@type\":\"WebSite\",\"@id\":\"https:\\\/\\\/www.kozegho.com\\\/#website\",\"url\":\"https:\\\/\\\/www.kozegho.com\\\/\",\"name\":\"Kozegho\",\"description\":\"Dosing Systems\",\"publisher\":{\"@id\":\"https:\\\/\\\/www.kozegho.com\\\/#organization\"},\"potentialAction\":[{\"@type\":\"SearchAction\",\"target\":{\"@type\":\"EntryPoint\",\"urlTemplate\":\"https:\\\/\\\/www.kozegho.com\\\/?s={search_term_string}\"},\"query-input\":{\"@type\":\"PropertyValueSpecification\",\"valueRequired\":true,\"valueName\":\"search_term_string\"}}],\"inLanguage\":\"es\"},{\"@type\":\"Organization\",\"@id\":\"https:\\\/\\\/www.kozegho.com\\\/#organization\",\"name\":\"Kozegho\",\"url\":\"https:\\\/\\\/www.kozegho.com\\\/\",\"logo\":{\"@type\":\"ImageObject\",\"inLanguage\":\"es\",\"@id\":\"https:\\\/\\\/www.kozegho.com\\\/#\\\/schema\\\/logo\\\/image\\\/\",\"url\":\"https:\\\/\\\/www.kozegho.com\\\/wp-content\\\/uploads\\\/2017\\\/07\\\/logo.png\",\"contentUrl\":\"https:\\\/\\\/www.kozegho.com\\\/wp-content\\\/uploads\\\/2017\\\/07\\\/logo.png\",\"width\":200,\"height\":67,\"caption\":\"Kozegho\"},\"image\":{\"@id\":\"https:\\\/\\\/www.kozegho.com\\\/#\\\/schema\\\/logo\\\/image\\\/\"}}]}<\/script>\n<!-- \/ Yoast SEO plugin. -->","yoast_head_json":{"title":"Sobre nosotros | Kozegho","description":"En KOZEGHO tenemos una equipa muy din\u00e1mica y dedicado con 20 a\u00f1os de experiencia en el campo","robots":{"index":"index","follow":"follow","max-snippet":"max-snippet:-1","max-image-preview":"max-image-preview:large","max-video-preview":"max-video-preview:-1"},"canonical":"https:\/\/www.kozegho.com\/es\/sobre-nosotros\/","og_locale":"es_ES","og_type":"article","og_title":"Sobre nosotros | Kozegho","og_description":"En KOZEGHO tenemos una equipa muy din\u00e1mica y dedicado con 20 a\u00f1os de experiencia en el campo","og_url":"https:\/\/www.kozegho.com\/es\/sobre-nosotros\/","og_site_name":"Kozegho","article_modified_time":"2020-04-28T10:40:56+00:00","twitter_card":"summary_large_image","twitter_misc":{"Tiempo de lectura":"5 minutos"},"schema":{"@context":"https:\/\/schema.org","@graph":[{"@type":"WebPage","@id":"https:\/\/www.kozegho.com\/es\/sobre-nosotros\/","url":"https:\/\/www.kozegho.com\/es\/sobre-nosotros\/","name":"Sobre nosotros | Kozegho","isPartOf":{"@id":"https:\/\/www.kozegho.com\/#website"},"datePublished":"2017-08-22T11:38:05+00:00","dateModified":"2020-04-28T10:40:56+00:00","description":"En KOZEGHO tenemos una equipa muy din\u00e1mica y dedicado con 20 a\u00f1os de experiencia en el campo","breadcrumb":{"@id":"https:\/\/www.kozegho.com\/es\/sobre-nosotros\/#breadcrumb"},"inLanguage":"es","potentialAction":[{"@type":"ReadAction","target":["https:\/\/www.kozegho.com\/es\/sobre-nosotros\/"]}]},{"@type":"BreadcrumbList","@id":"https:\/\/www.kozegho.com\/es\/sobre-nosotros\/#breadcrumb","itemListElement":[{"@type":"ListItem","position":1,"name":"Home","item":"https:\/\/www.kozegho.com\/es\/"},{"@type":"ListItem","position":2,"name":"Sobre nosotros"}]},{"@type":"WebSite","@id":"https:\/\/www.kozegho.com\/#website","url":"https:\/\/www.kozegho.com\/","name":"Kozegho","description":"Dosing Systems","publisher":{"@id":"https:\/\/www.kozegho.com\/#organization"},"potentialAction":[{"@type":"SearchAction","target":{"@type":"EntryPoint","urlTemplate":"https:\/\/www.kozegho.com\/?s={search_term_string}"},"query-input":{"@type":"PropertyValueSpecification","valueRequired":true,"valueName":"search_term_string"}}],"inLanguage":"es"},{"@type":"Organization","@id":"https:\/\/www.kozegho.com\/#organization","name":"Kozegho","url":"https:\/\/www.kozegho.com\/","logo":{"@type":"ImageObject","inLanguage":"es","@id":"https:\/\/www.kozegho.com\/#\/schema\/logo\/image\/","url":"https:\/\/www.kozegho.com\/wp-content\/uploads\/2017\/07\/logo.png","contentUrl":"https:\/\/www.kozegho.com\/wp-content\/uploads\/2017\/07\/logo.png","width":200,"height":67,"caption":"Kozegho"},"image":{"@id":"https:\/\/www.kozegho.com\/#\/schema\/logo\/image\/"}}]}},"_links":{"self":[{"href":"https:\/\/www.kozegho.com\/es\/wp-json\/wp\/v2\/pages\/1417","targetHints":{"allow":["GET"]}}],"collection":[{"href":"https:\/\/www.kozegho.com\/es\/wp-json\/wp\/v2\/pages"}],"about":[{"href":"https:\/\/www.kozegho.com\/es\/wp-json\/wp\/v2\/types\/page"}],"author":[{"embeddable":true,"href":"https:\/\/www.kozegho.com\/es\/wp-json\/wp\/v2\/users\/23"}],"replies":[{"embeddable":true,"href":"https:\/\/www.kozegho.com\/es\/wp-json\/wp\/v2\/comments?post=1417"}],"version-history":[{"count":0,"href":"https:\/\/www.kozegho.com\/es\/wp-json\/wp\/v2\/pages\/1417\/revisions"}],"wp:attachment":[{"href":"https:\/\/www.kozegho.com\/es\/wp-json\/wp\/v2\/media?parent=1417"}],"curies":[{"name":"wp","href":"https:\/\/api.w.org\/{rel}","templated":true}]}}